{"id":1123,"date":"2020-09-20T16:05:00","date_gmt":"2020-09-20T14:05:00","guid":{"rendered":"https:\/\/www.aka-games.fr\/aka_site\/?post_type=product&#038;p=1123"},"modified":"2020-11-04T12:23:24","modified_gmt":"2020-11-04T11:23:24","slug":"pack-legat-de-la-reine","status":"publish","type":"product","link":"https:\/\/www.aka-games.fr\/aka_site\/produit\/pack-legat-de-la-reine\/","title":{"rendered":"Pack L\u00e9gat de la Reine"},"content":{"rendered":"<p><span class=\"s1\">Symbaroum est une porte<\/span> vers un autre monde, sombre et unique. Alors joignez-vous \u00e0 l\u2019aventure ! Symbaroum vous entra\u00eenera dans de longues et p\u00e9rilleuses exp\u00e9ditions au milieu de ruines antiques, de dangereux p\u00e9riples sur des eaux d\u2019un noir imp\u00e9n\u00e9trable, sous des cieux sans \u00e9toile, pour affronter des chefs barbares, des trolls voraces et des abominations enrag\u00e9es. Dans cet univers, chaque pas m\u00e8ne vers l\u2019aventure et le moindre de vos souffles pourrait bien \u00eatre le dernier.<\/p>\n<ul>\n<li>Livre : Codex des Monstres<\/li>\n<li>Livre : Karvosti, le Marteau \u00e0 sorci\u00e8re<\/li>\n<li>Livre : Yndaros, La plus sombre des \u00e9toiles<\/li>\n<li>Livre : Recueil d\u2019aventures<\/li>\n<li>Livre : Pack de l\u2019Aventurier 3<\/li>\n<li>Livre : Aventures \u00e0 Yndaros<\/li>\n<li>Deck : 120 cartes, en couleurs, Pouvoirs et Talents<\/li>\n<li>Deck : 120 cartes, en couleurs, Monstres et Traits<\/li>\n<li>\u00c9cran version 2<\/li>\n<li>Livre : Aide de jeu Fort Chardon, Ville fronti\u00e8re<\/li>\n<li>Livre : Aide de jeu : Karvosti, Havre de l\u2019explorateur<\/li>\n<li>Livre : Aide de jeu : Yndaros, Cit\u00e9 de contrastes<\/li>\n<li>Livre : Ressources : Les Chroniques de la Couronne de Cuivre<\/li>\n<li>Livre : Ressources : Le Tr\u00f4ne des \u00e9pines T1, T2 et T3<\/li>\n<li>Livre : Ressources : Codex des monstres<\/li>\n<li>Livre : Ressources : Rapport du Skretorium royal<\/li>\n<li>Livre : Ressources : De la nature de Davokar<\/li>\n<li>Kalender : Calendrier en couleurs<\/li>\n<li>1 Carte en tissu et en couleurs des baronnies d\u2019Ambria et de la cit\u00e9 d\u2019Yndaros<\/li>\n<li>Chemise \u00e0 rabats en couleurs<\/li>\n<li>38 Fiches PNJ<\/li>\n<li>5 Carnets de personnage<\/li>\n<li>1 Poster en couleurs Recto \/ Verso<\/li>\n<li>1 Carte postale en couleurs<\/li>\n<li>2 Marque-page en couleurs<\/li>\n<li>1 Wallpaper en couleurs de l\u2019image du port d\u2019Yndaros<\/li>\n<li>+ PDF des livres<\/li>\n<\/ul>\n","protected":false},"excerpt":{"rendered":"<p>Derniers packs L\u00e9gat de la Reine de la pr\u00e9commande de Symbaroum : Karvosti<\/p>\n","protected":false},"featured_media":1119,"comment_status":"open","ping_status":"closed","template":"","meta":{"_uag_custom_page_level_css":"","site-sidebar-layout":"default","site-content-layout":"default","ast-site-content-layout":"default","site-content-style":"default","site-sidebar-style":"default","ast-global-header-display":"","ast-banner-title-visibility":"","ast-main-header-display":"","ast-hfb-above-header-display":"","ast-hfb-below-header-display":"","ast-hfb-mobile-header-display":"","site-post-title":"","ast-breadcrumbs-content":"","ast-featured-img":"","footer-sml-layout":"","ast-disable-related-posts":"","theme-transparent-header-meta":"default","adv-header-id-meta":"","stick-header-meta":"default","header-above-stick-meta":"","header-main-stick-meta":"","header-below-stick-meta":"","astra-migrate-meta-layouts":"default","ast-page-background-enabled":"default","ast-page-background-meta":{"desktop":{"background-color":"","background-image":"","background-repeat":"repeat","background-position":"center center","background-size":"auto","background-attachment":"scroll","background-type":"","background-media":"","overlay-type":"","overlay-color":"","overlay-opacity":"","overlay-gradient":""},"tablet":{"background-color":"","background-image":"","background-repeat":"repeat","background-position":"center center","background-size":"auto","background-attachment":"scroll","background-type":"","background-media":"","overlay-type":"","overlay-color":"","overlay-opacity":"","overlay-gradient":""},"mobile":{"background-color":"","background-image":"","background-repeat":"repeat","background-position":"center center","background-size":"auto","background-attachment":"scroll","background-type":"","background-media":"","overlay-type":"","overlay-color":"","overlay-opacity":"","overlay-gradient":""}},"ast-content-background-meta":{"desktop":{"background-color":"var(--ast-global-color-5)","background-image":"","background-repeat":"repeat","background-position":"center center","background-size":"auto","background-attachment":"scroll","background-type":"","background-media":"","overlay-type":"","overlay-color":"","overlay-opacity":"","overlay-gradient":""},"tablet":{"background-color":"var(--ast-global-color-5)","background-image":"","background-repeat":"repeat","background-position":"center center","background-size":"auto","background-attachment":"scroll","background-type":"","background-media":"","overlay-type":"","overlay-color":"","overlay-opacity":"","overlay-gradient":""},"mobile":{"background-color":"var(--ast-global-color-5)","background-image":"","background-repeat":"repeat","background-position":"center center","background-size":"auto","background-attachment":"scroll","background-type":"","background-media":"","overlay-type":"","overlay-color":"","overlay-opacity":"","overlay-gradient":""}}},"product_brand":[],"product_cat":[23,24],"product_tag":[28,66,81,34,31,35,38,37,30,79,29,104,36],"class_list":{"0":"post-1123","1":"product","2":"type-product","3":"status-publish","4":"has-post-thumbnail","6":"product_cat-jeux-de-roles","7":"product_cat-symbaroum","8":"product_tag-aventure","9":"product_tag-combat","10":"product_tag-creatures","11":"product_tag-dark","12":"product_tag-fantastique","13":"product_tag-fantasy","14":"product_tag-intrigue","15":"product_tag-jeux","16":"product_tag-medieval","17":"product_tag-monstres","18":"product_tag-mystere","19":"product_tag-pack","20":"product_tag-roles","21":"desktop-align-center","22":"tablet-align-center","23":"mobile-align-center","25":"first","26":"outofstock","27":"shipping-taxable","28":"purchasable","29":"product-type-simple"},"uagb_featured_image_src":{"full":["https:\/\/www.aka-games.fr\/aka_site\/wp-content\/uploads\/2020\/09\/Symb_KS2_Pack_3.png",2952,1181,false],"thumbnail":["https:\/\/www.aka-games.fr\/aka_site\/wp-content\/uploads\/2020\/09\/Symb_KS2_Pack_3-150x60.png",150,60,true],"medium":["https:\/\/www.aka-games.fr\/aka_site\/wp-content\/uploads\/2020\/09\/Symb_KS2_Pack_3-300x120.png",300,120,true],"medium_large":["https:\/\/www.aka-games.fr\/aka_site\/wp-content\/uploads\/2020\/09\/Symb_KS2_Pack_3-768x307.png",768,307,true],"large":["https:\/\/www.aka-games.fr\/aka_site\/wp-content\/uploads\/2020\/09\/Symb_KS2_Pack_3-1024x410.png",1024,410,true],"1536x1536":["https:\/\/www.aka-games.fr\/aka_site\/wp-content\/uploads\/2020\/09\/Symb_KS2_Pack_3-1536x615.png",1536,615,true],"2048x2048":["https:\/\/www.aka-games.fr\/aka_site\/wp-content\/uploads\/2020\/09\/Symb_KS2_Pack_3-2048x819.png",2048,819,true],"woocommerce_thumbnail":["https:\/\/www.aka-games.fr\/aka_site\/wp-content\/uploads\/2020\/09\/Symb_KS2_Pack_3-300x300.png",300,300,true],"woocommerce_single":["https:\/\/www.aka-games.fr\/aka_site\/wp-content\/uploads\/2020\/09\/Symb_KS2_Pack_3-600x240.png",600,240,true],"woocommerce_gallery_thumbnail":["https:\/\/www.aka-games.fr\/aka_site\/wp-content\/uploads\/2020\/09\/Symb_KS2_Pack_3-100x100.png",100,100,true],"ppec_logo_image_size":["https:\/\/www.aka-games.fr\/aka_site\/wp-content\/uploads\/2020\/09\/Symb_KS2_Pack_3.png",150,60,false],"ppec_header_image_size":["https:\/\/www.aka-games.fr\/aka_site\/wp-content\/uploads\/2020\/09\/Symb_KS2_Pack_3.png",225,90,false]},"uagb_author_info":{"display_name":"Florrent","author_link":"https:\/\/www.aka-games.fr\/aka_site\/author\/"},"uagb_comment_info":0,"uagb_excerpt":"Derniers packs L\u00e9gat de la Reine de la pr\u00e9commande de Symbaroum : Karvosti","_links":{"self":[{"href":"https:\/\/www.aka-games.fr\/aka_site\/wp-json\/wp\/v2\/product\/1123","targetHints":{"allow":["GET"]}}],"collection":[{"href":"https:\/\/www.aka-games.fr\/aka_site\/wp-json\/wp\/v2\/product"}],"about":[{"href":"https:\/\/www.aka-games.fr\/aka_site\/wp-json\/wp\/v2\/types\/product"}],"replies":[{"embeddable":true,"href":"https:\/\/www.aka-games.fr\/aka_site\/wp-json\/wp\/v2\/comments?post=1123"}],"version-history":[{"count":1,"href":"https:\/\/www.aka-games.fr\/aka_site\/wp-json\/wp\/v2\/product\/1123\/revisions"}],"predecessor-version":[{"id":1124,"href":"https:\/\/www.aka-games.fr\/aka_site\/wp-json\/wp\/v2\/product\/1123\/revisions\/1124"}],"wp:featuredmedia":[{"embeddable":true,"href":"https:\/\/www.aka-games.fr\/aka_site\/wp-json\/wp\/v2\/media\/1119"}],"wp:attachment":[{"href":"https:\/\/www.aka-games.fr\/aka_site\/wp-json\/wp\/v2\/media?parent=1123"}],"wp:term":[{"taxonomy":"product_brand","embeddable":true,"href":"https:\/\/www.aka-games.fr\/aka_site\/wp-json\/wp\/v2\/product_brand?post=1123"},{"taxonomy":"product_cat","embeddable":true,"href":"https:\/\/www.aka-games.fr\/aka_site\/wp-json\/wp\/v2\/product_cat?post=1123"},{"taxonomy":"product_tag","embeddable":true,"href":"https:\/\/www.aka-games.fr\/aka_site\/wp-json\/wp\/v2\/product_tag?post=1123"}],"curies":[{"name":"wp","href":"https:\/\/api.w.org\/{rel}","templated":true}]}}