{"id":1482,"date":"2021-04-10T17:16:37","date_gmt":"2021-04-10T15:16:37","guid":{"rendered":"https:\/\/www.aka-games.fr\/aka_site\/?post_type=product&#038;p=1482"},"modified":"2025-12-29T15:04:58","modified_gmt":"2025-12-29T14:04:58","slug":"coriolis-artefacts-factech-papier","status":"publish","type":"product","link":"https:\/\/www.aka-games.fr\/aka_site\/produit\/coriolis-artefacts-factech-papier\/","title":{"rendered":"Coriolis &#8211; Artefacts &#038; FacTech Papier"},"content":{"rendered":"<p class=\"p1\">De tous les objets que les PJ peuvent acqu\u00e9rir en cours de jeu, les artefacts sont les plus pr\u00e9cieux. Des pi\u00e8ces issues de la civilisation des B\u00e2tisseurs de Portails ou des Horizons perdus pourraient octroyer \u00e0 certains personnages une influence consid\u00e9rable sur leurs semblables ou sur des amis haut plac\u00e9s, voire les rendre tr\u00e8s riches.<\/p>\n<p class=\"p1\">Dans le Troisi\u00e8me Horizon, les secrets de l\u2019humanit\u00e9 les plus jalousement gard\u00e9s sont probablement les technologies des factions. Surnomm\u00e9es famili\u00e8rement FacTech, il s\u2019agirait, si l\u2019on en croit les rumeurs, de m\u00e9langes entre des artefacts h\u00e9rit\u00e9s des pr\u00e9c\u00e9dents Horizons, la pointe des recherches scientifiques modernes, et les r\u00e9sultats effroyables des programmes de recherches top secret des factions.<\/p>\n<p class=\"p1\">Vous trouverez donc dans ce livret une description de trente-six artefacts, puis certaines de ces merveilles improbables des technologies des factions, que ces organisations ont d\u00e9velopp\u00e9es, vol\u00e9es ou dont elles ont h\u00e9rit\u00e9.<\/p>\n","protected":false},"excerpt":{"rendered":"<p><em>De tous les objets que les PJ peuvent acqu\u00e9rir en cours de jeu, les artefacts sont les plus pr\u00e9cieux.<\/em><\/p>\n","protected":false},"featured_media":1474,"comment_status":"open","ping_status":"closed","template":"","meta":{"_uag_custom_page_level_css":"","site-sidebar-layout":"default","site-content-layout":"default","ast-site-content-layout":"default","site-content-style":"default","site-sidebar-style":"default","ast-global-header-display":"","ast-banner-title-visibility":"","ast-main-header-display":"","ast-hfb-above-header-display":"","ast-hfb-below-header-display":"","ast-hfb-mobile-header-display":"","site-post-title":"","ast-breadcrumbs-content":"","ast-featured-img":"","footer-sml-layout":"","ast-disable-related-posts":"","theme-transparent-header-meta":"default","adv-header-id-meta":"","stick-header-meta":"default","header-above-stick-meta":"","header-main-stick-meta":"","header-below-stick-meta":"","astra-migrate-meta-layouts":"default","ast-page-background-enabled":"default","ast-page-background-meta":{"desktop":{"background-color":"","background-image":"","background-repeat":"repeat","background-position":"center center","background-size":"auto","background-attachment":"scroll","background-type":"","background-media":"","overlay-type":"","overlay-color":"","overlay-opacity":"","overlay-gradient":""},"tablet":{"background-color":"","background-image":"","background-repeat":"repeat","background-position":"center center","background-size":"auto","background-attachment":"scroll","background-type":"","background-media":"","overlay-type":"","overlay-color":"","overlay-opacity":"","overlay-gradient":""},"mobile":{"background-color":"","background-image":"","background-repeat":"repeat","background-position":"center center","background-size":"auto","background-attachment":"scroll","background-type":"","background-media":"","overlay-type":"","overlay-color":"","overlay-opacity":"","overlay-gradient":""}},"ast-content-background-meta":{"desktop":{"background-color":"var(--ast-global-color-5)","background-image":"","background-repeat":"repeat","background-position":"center center","background-size":"auto","background-attachment":"scroll","background-type":"","background-media":"","overlay-type":"","overlay-color":"","overlay-opacity":"","overlay-gradient":""},"tablet":{"background-color":"var(--ast-global-color-5)","background-image":"","background-repeat":"repeat","background-position":"center center","background-size":"auto","background-attachment":"scroll","background-type":"","background-media":"","overlay-type":"","overlay-color":"","overlay-opacity":"","overlay-gradient":""},"mobile":{"background-color":"var(--ast-global-color-5)","background-image":"","background-repeat":"repeat","background-position":"center center","background-size":"auto","background-attachment":"scroll","background-type":"","background-media":"","overlay-type":"","overlay-color":"","overlay-opacity":"","overlay-gradient":""}}},"product_brand":[],"product_cat":[27,23,22],"product_tag":[124,28,62,31,38,37,63,65],"class_list":{"0":"post-1482","1":"product","2":"type-product","3":"status-publish","4":"has-post-thumbnail","6":"product_cat-coriolis","7":"product_cat-jeux-de-roles","8":"product_cat-version-papier","9":"product_tag-art","10":"product_tag-aventure","11":"product_tag-espace","12":"product_tag-fantastique","13":"product_tag-intrigue","14":"product_tag-jeux","15":"product_tag-space-opera","16":"product_tag-vaisseaux","17":"desktop-align-center","18":"tablet-align-center","19":"mobile-align-center","21":"first","22":"outofstock","23":"shipping-taxable","24":"purchasable","25":"product-type-simple"},"uagb_featured_image_src":{"full":["https:\/\/www.aka-games.fr\/aka_site\/wp-content\/uploads\/2021\/04\/AK_Cor_FacTech.jpg",1024,1024,false],"thumbnail":["https:\/\/www.aka-games.fr\/aka_site\/wp-content\/uploads\/2021\/04\/AK_Cor_FacTech-150x150.jpg",150,150,true],"medium":["https:\/\/www.aka-games.fr\/aka_site\/wp-content\/uploads\/2021\/04\/AK_Cor_FacTech-300x300.jpg",300,300,true],"medium_large":["https:\/\/www.aka-games.fr\/aka_site\/wp-content\/uploads\/2021\/04\/AK_Cor_FacTech-768x768.jpg",768,768,true],"large":["https:\/\/www.aka-games.fr\/aka_site\/wp-content\/uploads\/2021\/04\/AK_Cor_FacTech-1024x1024.jpg",1024,1024,true],"1536x1536":["https:\/\/www.aka-games.fr\/aka_site\/wp-content\/uploads\/2021\/04\/AK_Cor_FacTech.jpg",1024,1024,false],"2048x2048":["https:\/\/www.aka-games.fr\/aka_site\/wp-content\/uploads\/2021\/04\/AK_Cor_FacTech.jpg",1024,1024,false],"woocommerce_thumbnail":["https:\/\/www.aka-games.fr\/aka_site\/wp-content\/uploads\/2021\/04\/AK_Cor_FacTech-300x300.jpg",300,300,true],"woocommerce_single":["https:\/\/www.aka-games.fr\/aka_site\/wp-content\/uploads\/2021\/04\/AK_Cor_FacTech-600x600.jpg",600,600,true],"woocommerce_gallery_thumbnail":["https:\/\/www.aka-games.fr\/aka_site\/wp-content\/uploads\/2021\/04\/AK_Cor_FacTech-100x100.jpg",100,100,true],"ppec_logo_image_size":["https:\/\/www.aka-games.fr\/aka_site\/wp-content\/uploads\/2021\/04\/AK_Cor_FacTech.jpg",60,60,false],"ppec_header_image_size":["https:\/\/www.aka-games.fr\/aka_site\/wp-content\/uploads\/2021\/04\/AK_Cor_FacTech.jpg",90,90,false]},"uagb_author_info":{"display_name":"Florrent","author_link":"https:\/\/www.aka-games.fr\/aka_site\/author\/"},"uagb_comment_info":0,"uagb_excerpt":"De tous les objets que les PJ peuvent acqu\u00e9rir en cours de jeu, les artefacts sont les plus pr\u00e9cieux.","_links":{"self":[{"href":"https:\/\/www.aka-games.fr\/aka_site\/wp-json\/wp\/v2\/product\/1482","targetHints":{"allow":["GET"]}}],"collection":[{"href":"https:\/\/www.aka-games.fr\/aka_site\/wp-json\/wp\/v2\/product"}],"about":[{"href":"https:\/\/www.aka-games.fr\/aka_site\/wp-json\/wp\/v2\/types\/product"}],"replies":[{"embeddable":true,"href":"https:\/\/www.aka-games.fr\/aka_site\/wp-json\/wp\/v2\/comments?post=1482"}],"version-history":[{"count":1,"href":"https:\/\/www.aka-games.fr\/aka_site\/wp-json\/wp\/v2\/product\/1482\/revisions"}],"predecessor-version":[{"id":1483,"href":"https:\/\/www.aka-games.fr\/aka_site\/wp-json\/wp\/v2\/product\/1482\/revisions\/1483"}],"wp:featuredmedia":[{"embeddable":true,"href":"https:\/\/www.aka-games.fr\/aka_site\/wp-json\/wp\/v2\/media\/1474"}],"wp:attachment":[{"href":"https:\/\/www.aka-games.fr\/aka_site\/wp-json\/wp\/v2\/media?parent=1482"}],"wp:term":[{"taxonomy":"product_brand","embeddable":true,"href":"https:\/\/www.aka-games.fr\/aka_site\/wp-json\/wp\/v2\/product_brand?post=1482"},{"taxonomy":"product_cat","embeddable":true,"href":"https:\/\/www.aka-games.fr\/aka_site\/wp-json\/wp\/v2\/product_cat?post=1482"},{"taxonomy":"product_tag","embeddable":true,"href":"https:\/\/www.aka-games.fr\/aka_site\/wp-json\/wp\/v2\/product_tag?post=1482"}],"curies":[{"name":"wp","href":"https:\/\/api.w.org\/{rel}","templated":true}]}}