{"id":1500,"date":"2021-04-10T17:44:43","date_gmt":"2021-04-10T15:44:43","guid":{"rendered":"https:\/\/www.aka-games.fr\/aka_site\/?post_type=product&#038;p=1500"},"modified":"2021-04-10T18:05:06","modified_gmt":"2021-04-10T16:05:06","slug":"coriolis-atlas-abrege","status":"publish","type":"product","link":"https:\/\/www.aka-games.fr\/aka_site\/produit\/coriolis-atlas-abrege\/","title":{"rendered":"Coriolis &#8211; Atlas abr\u00e9g\u00e9"},"content":{"rendered":"<p class=\"p1\"><i>En d\u00e9pit du ronronnement des filtres \u00e0 air du vaisseau, le pont \u00e9tait silencieux. Nima l\u2019op\u00e9rateur des capteurs, leva les yeux de son \u00e9cran.<span class=\"Apple-converted-space\"><br \/>\n<\/span><\/i><i>\u00ab Aucun signe de vie intelligente, pas de com, pas de lumi\u00e8re artificielle, \u00bb affirma-t-elle tranquillement.<span class=\"Apple-converted-space\"><br \/>\n<\/span><\/i><i>\u00ab Atmosph\u00e8re ? \u00bb demanda le capitaine Nastasia, assez fort pour que tout le monde sur le pont l\u2019entende.<span class=\"Apple-converted-space\"><br \/>\n<\/span><\/i><i>\u00ab Dense et probablement corrosive\u2026 \u00bb<br \/>\n<\/i><i>Nima fut interrompue lorsqu\u2019une ombre tomba sur le pont. Le soleil fut dissimul\u00e9 par la gigantesque entit\u00e9, qui avan\u00e7ait rapidement et en silence vers le vaisseau.<span class=\"Apple-converted-space\"><br \/>\n<\/span><\/i><i>Des alarmes avertissant d\u2019une collision hurl\u00e8rent. L\u2019\u00e9quipage de l\u2019Akhander contempla l\u2019immense \u00e9pave qui s\u2019abattait sur eux, une masse sombre \u00e0 la force persistante, couronn\u00e9e par la lumi\u00e8re des \u00e9toiles.<span class=\"Apple-converted-space\">\u00a0<\/span><\/i><\/p>\n<p class=\"p4\">La Terre promise des Ic\u00f4nes, le vaste ensemble de syst\u00e8mes stellaires appel\u00e9 le Troisi\u00e8me Horizon, grouille de myst\u00e8res inexpliqu\u00e9s, d\u2019antiques ruines et de secrets dangereux. Les merveilles extraordinaires abandonn\u00e9es par les B\u00e2tisseurs de Portails et la v\u00e9ritable nature des \u00c9missaires n\u2019ont toujours \u00e9t\u00e9 que des mythes aux yeux des gens ordinaires du Troisi\u00e8me Horizon. Jusqu\u2019\u00e0 pr\u00e9sent.<span class=\"Apple-converted-space\">\u00a0<\/span><\/p>\n<p class=\"p5\">Voici ce que renferme ce suppl\u00e9ment :<\/p>\n<ul>\n<li class=\"p6\">Une description des syst\u00e8mes les plus importants du Troisi\u00e8me Horizon.<\/li>\n<li class=\"p6\">Une vue d&rsquo;ensemble de l\u2019histoire du Troisi\u00e8me Horizon.<span class=\"Apple-converted-space\">\u00a0<\/span><\/li>\n<li class=\"p6\">La pr\u00e9sentation des B\u00e2tisseurs de Portails et des merveilles qu\u2019ils ont abandonn\u00e9es.<\/li>\n<li class=\"p6\">Des outils et des tableaux vous permettant de cr\u00e9er vos propres syst\u00e8mes et plan\u00e8tes.<span class=\"Apple-converted-space\">\u00a0<\/span><\/li>\n<li class=\"p6\">Des g\u00e9n\u00e9rateurs de missions pour la cr\u00e9ation de courtes aventures.<\/li>\n<li class=\"p6\">Des r\u00e8gles avanc\u00e9es pour le voyage spatial et des rencontres inattendues.<\/li>\n<\/ul>\n","protected":false},"excerpt":{"rendered":"<p><i>Des alarmes avertissant d\u2019une collision hurl\u00e8rent. L\u2019\u00e9quipage de l\u2019Akhander contempla l\u2019immense \u00e9pave qui s\u2019abattait sur eux, une masse sombre \u00e0 la force persistante, couronn\u00e9e par la lumi\u00e8re des \u00e9toiles. <\/i><\/p>\n","protected":false},"featured_media":1470,"comment_status":"open","ping_status":"closed","template":"","meta":{"_uag_custom_page_level_css":"","site-sidebar-layout":"default","site-content-layout":"default","ast-site-content-layout":"default","site-content-style":"default","site-sidebar-style":"default","ast-global-header-display":"","ast-banner-title-visibility":"","ast-main-header-display":"","ast-hfb-above-header-display":"","ast-hfb-below-header-display":"","ast-hfb-mobile-header-display":"","site-post-title":"","ast-breadcrumbs-content":"","ast-featured-img":"","footer-sml-layout":"","ast-disable-related-posts":"","theme-transparent-header-meta":"default","adv-header-id-meta":"","stick-header-meta":"default","header-above-stick-meta":"","header-main-stick-meta":"","header-below-stick-meta":"","astra-migrate-meta-layouts":"default","ast-page-background-enabled":"default","ast-page-background-meta":{"desktop":{"background-color":"","background-image":"","background-repeat":"repeat","background-position":"center center","background-size":"auto","background-attachment":"scroll","background-type":"","background-media":"","overlay-type":"","overlay-color":"","overlay-opacity":"","overlay-gradient":""},"tablet":{"background-color":"","background-image":"","background-repeat":"repeat","background-position":"center center","background-size":"auto","background-attachment":"scroll","background-type":"","background-media":"","overlay-type":"","overlay-color":"","overlay-opacity":"","overlay-gradient":""},"mobile":{"background-color":"","background-image":"","background-repeat":"repeat","background-position":"center center","background-size":"auto","background-attachment":"scroll","background-type":"","background-media":"","overlay-type":"","overlay-color":"","overlay-opacity":"","overlay-gradient":""}},"ast-content-background-meta":{"desktop":{"background-color":"var(--ast-global-color-5)","background-image":"","background-repeat":"repeat","background-position":"center center","background-size":"auto","background-attachment":"scroll","background-type":"","background-media":"","overlay-type":"","overlay-color":"","overlay-opacity":"","overlay-gradient":""},"tablet":{"background-color":"var(--ast-global-color-5)","background-image":"","background-repeat":"repeat","background-position":"center center","background-size":"auto","background-attachment":"scroll","background-type":"","background-media":"","overlay-type":"","overlay-color":"","overlay-opacity":"","overlay-gradient":""},"mobile":{"background-color":"var(--ast-global-color-5)","background-image":"","background-repeat":"repeat","background-position":"center center","background-size":"auto","background-attachment":"scroll","background-type":"","background-media":"","overlay-type":"","overlay-color":"","overlay-opacity":"","overlay-gradient":""}}},"product_brand":[],"product_cat":[27,23,22,21],"product_tag":[28,62,31,38,37,63,65],"class_list":{"0":"post-1500","1":"product","2":"type-product","3":"status-publish","4":"has-post-thumbnail","6":"product_cat-coriolis","7":"product_cat-jeux-de-roles","8":"product_cat-version-papier","9":"product_cat-version-pdf","10":"product_tag-aventure","11":"product_tag-espace","12":"product_tag-fantastique","13":"product_tag-intrigue","14":"product_tag-jeux","15":"product_tag-space-opera","16":"product_tag-vaisseaux","17":"desktop-align-center","18":"tablet-align-center","19":"mobile-align-center","21":"first","22":"instock","23":"sold-individually","24":"shipping-taxable","25":"product-type-grouped"},"uagb_featured_image_src":{"full":["https:\/\/www.aka-games.fr\/aka_site\/wp-content\/uploads\/2021\/04\/AK_Cor_Atlas.jpg",1024,1024,false],"thumbnail":["https:\/\/www.aka-games.fr\/aka_site\/wp-content\/uploads\/2021\/04\/AK_Cor_Atlas-150x150.jpg",150,150,true],"medium":["https:\/\/www.aka-games.fr\/aka_site\/wp-content\/uploads\/2021\/04\/AK_Cor_Atlas-300x300.jpg",300,300,true],"medium_large":["https:\/\/www.aka-games.fr\/aka_site\/wp-content\/uploads\/2021\/04\/AK_Cor_Atlas-768x768.jpg",768,768,true],"large":["https:\/\/www.aka-games.fr\/aka_site\/wp-content\/uploads\/2021\/04\/AK_Cor_Atlas-1024x1024.jpg",1024,1024,true],"1536x1536":["https:\/\/www.aka-games.fr\/aka_site\/wp-content\/uploads\/2021\/04\/AK_Cor_Atlas.jpg",1024,1024,false],"2048x2048":["https:\/\/www.aka-games.fr\/aka_site\/wp-content\/uploads\/2021\/04\/AK_Cor_Atlas.jpg",1024,1024,false],"woocommerce_thumbnail":["https:\/\/www.aka-games.fr\/aka_site\/wp-content\/uploads\/2021\/04\/AK_Cor_Atlas-300x300.jpg",300,300,true],"woocommerce_single":["https:\/\/www.aka-games.fr\/aka_site\/wp-content\/uploads\/2021\/04\/AK_Cor_Atlas-600x600.jpg",600,600,true],"woocommerce_gallery_thumbnail":["https:\/\/www.aka-games.fr\/aka_site\/wp-content\/uploads\/2021\/04\/AK_Cor_Atlas-100x100.jpg",100,100,true],"ppec_logo_image_size":["https:\/\/www.aka-games.fr\/aka_site\/wp-content\/uploads\/2021\/04\/AK_Cor_Atlas.jpg",60,60,false],"ppec_header_image_size":["https:\/\/www.aka-games.fr\/aka_site\/wp-content\/uploads\/2021\/04\/AK_Cor_Atlas.jpg",90,90,false]},"uagb_author_info":{"display_name":"Florrent","author_link":"https:\/\/www.aka-games.fr\/aka_site\/author\/"},"uagb_comment_info":0,"uagb_excerpt":"Des alarmes avertissant d\u2019une collision hurl\u00e8rent. L\u2019\u00e9quipage de l\u2019Akhander contempla l\u2019immense \u00e9pave qui s\u2019abattait sur eux, une masse sombre \u00e0 la force persistante, couronn\u00e9e par la lumi\u00e8re des \u00e9toiles.","_links":{"self":[{"href":"https:\/\/www.aka-games.fr\/aka_site\/wp-json\/wp\/v2\/product\/1500","targetHints":{"allow":["GET"]}}],"collection":[{"href":"https:\/\/www.aka-games.fr\/aka_site\/wp-json\/wp\/v2\/product"}],"about":[{"href":"https:\/\/www.aka-games.fr\/aka_site\/wp-json\/wp\/v2\/types\/product"}],"replies":[{"embeddable":true,"href":"https:\/\/www.aka-games.fr\/aka_site\/wp-json\/wp\/v2\/comments?post=1500"}],"version-history":[{"count":1,"href":"https:\/\/www.aka-games.fr\/aka_site\/wp-json\/wp\/v2\/product\/1500\/revisions"}],"predecessor-version":[{"id":1501,"href":"https:\/\/www.aka-games.fr\/aka_site\/wp-json\/wp\/v2\/product\/1500\/revisions\/1501"}],"wp:featuredmedia":[{"embeddable":true,"href":"https:\/\/www.aka-games.fr\/aka_site\/wp-json\/wp\/v2\/media\/1470"}],"wp:attachment":[{"href":"https:\/\/www.aka-games.fr\/aka_site\/wp-json\/wp\/v2\/media?parent=1500"}],"wp:term":[{"taxonomy":"product_brand","embeddable":true,"href":"https:\/\/www.aka-games.fr\/aka_site\/wp-json\/wp\/v2\/product_brand?post=1500"},{"taxonomy":"product_cat","embeddable":true,"href":"https:\/\/www.aka-games.fr\/aka_site\/wp-json\/wp\/v2\/product_cat?post=1500"},{"taxonomy":"product_tag","embeddable":true,"href":"https:\/\/www.aka-games.fr\/aka_site\/wp-json\/wp\/v2\/product_tag?post=1500"}],"curies":[{"name":"wp","href":"https:\/\/api.w.org\/{rel}","templated":true}]}}