{"id":1513,"date":"2021-04-10T19:44:49","date_gmt":"2021-04-10T17:44:49","guid":{"rendered":"https:\/\/www.aka-games.fr\/aka_site\/?post_type=product&#038;p=1513"},"modified":"2025-12-29T15:01:08","modified_gmt":"2025-12-29T14:01:08","slug":"coriolis-emissaire-perdu-papier","status":"publish","type":"product","link":"https:\/\/www.aka-games.fr\/aka_site\/produit\/coriolis-emissaire-perdu-papier\/","title":{"rendered":"Coriolis &#8211; \u00c9missaire perdu Papier"},"content":{"rendered":"<p class=\"p1\"><i>L\u2019Esplanade Ozone est silencieuse. On peut seulement percevoir un murmure sourd \u00e9manant des foules qui se pressent pour voir les informations sur les holo-\u00e9crans. Comme si un orage se pr\u00e9parait, l\u2019air semble satur\u00e9 d\u2019attente anxieuse, alors que vous vous frayez un chemin vers le terminal le plus proche. Un journaliste \u00e0 l\u2019\u00e9cran annonce avec gravit\u00e9 :<\/i><\/p>\n<p class=\"p2\"><i>\u00ab\u00a0L\u2019\u00c9misssaire de X\u00e8ne a disparu\u2026\u00a0\u00bb<\/i><\/p>\n<p class=\"p4\"><span class=\"s1\">Les journalistes de rue les appellent les Mysticides. Beaucoup de Mystiques ont \u00e9t\u00e9 retrouv\u00e9s morts, ou ont disparu sans laisser de trace. Qui pourchasse les Mystiques de Coriolis ? Et surtout pour quelle raison ? Lorsque l\u2019ami d\u2019un des personnages dispara\u00eet, l\u2019affaire prend une tournure personnelle. Pourront-ils r\u00e9soudre cette \u00e9nigme avant qu\u2019il ne soit trop tard ?<\/span><\/p>\n<p class=\"p5\">L\u2019\u00c9missaire perdu est le premier volet de l\u2019\u00e9pique campagne, La Mis\u00e9ricorde des Ic\u00f4nes, pour Coriolis\u00a0&#8211;\u00a0Le Troisi\u00e8me Horizon. La lutte pour l\u2019Horizon a d\u00e9but\u00e9 et seules les Ic\u00f4nes savent comment tout<span class=\"Apple-converted-space\">\u00a0 <\/span>cela s\u2019ach\u00e8vera.<\/p>\n<p class=\"p5\">Vous trouverez dans cet ouvrage\u00a0:<\/p>\n<ul>\n<li class=\"p7\">Un chant pour Jarouma, une aventure mettant en sc\u00e8ne les \u00e9v\u00e9nements ant\u00e9rieurs \u00e0 la campagne<\/li>\n<li class=\"p7\">Une introduction proposant un historique d\u00e9taill\u00e9 des complots qui menacent l\u2019\u00e9quilibre du Troisi\u00e8me Horizon.<\/li>\n<li class=\"p7\">L\u2019\u00c9veil du Martyr, un sc\u00e9nario d\u2019enqu\u00eate se d\u00e9roulant sur la station Coriolis. Cette chasse aux indices m\u00e8nera les personnages de la tr\u00e9pidante Esplanade Ozone aux \u00e9lites d\u00e9cadentes de la Fl\u00eache, puis dans les profondeurs obscures du Cellier.<\/li>\n<li class=\"p7\">La Connexion kuanne, le second sc\u00e9nario, qui entra\u00eene les personnages sur la plan\u00e8te Kua. Une piste sanglante les guide dans les jungles, et les immerge dans le milieu politique violent des colonies z\u00e9nithiennes, \u00e0 la recherche de r\u00e9ponses \u00e0 l\u2019ombre du puissant Monolithe.<\/li>\n<li class=\"p7\">Des cartes et des aides de jeu sur la station Coriolis, la plan\u00e8te Kua, ainsi que d\u2019importants documents.<\/li>\n<li class=\"p7\">Un g\u00e9n\u00e9rateur de sc\u00e9narios pour continuer \u00e0 jouer une fois les aventures officielles achev\u00e9es.<\/li>\n<\/ul>\n","protected":false},"excerpt":{"rendered":"<p><i>L\u2019\u00c9misssaire de X\u00e8ne a disparu\u2026<\/i><\/p>\n","protected":false},"featured_media":1473,"comment_status":"open","ping_status":"closed","template":"","meta":{"_uag_custom_page_level_css":"","site-sidebar-layout":"default","site-content-layout":"default","ast-site-content-layout":"default","site-content-style":"default","site-sidebar-style":"default","ast-global-header-display":"","ast-banner-title-visibility":"","ast-main-header-display":"","ast-hfb-above-header-display":"","ast-hfb-below-header-display":"","ast-hfb-mobile-header-display":"","site-post-title":"","ast-breadcrumbs-content":"","ast-featured-img":"","footer-sml-layout":"","ast-disable-related-posts":"","theme-transparent-header-meta":"default","adv-header-id-meta":"","stick-header-meta":"default","header-above-stick-meta":"","header-main-stick-meta":"","header-below-stick-meta":"","astra-migrate-meta-layouts":"default","ast-page-background-enabled":"default","ast-page-background-meta":{"desktop":{"background-color":"","background-image":"","background-repeat":"repeat","background-position":"center center","background-size":"auto","background-attachment":"scroll","background-type":"","background-media":"","overlay-type":"","overlay-color":"","overlay-opacity":"","overlay-gradient":""},"tablet":{"background-color":"","background-image":"","background-repeat":"repeat","background-position":"center center","background-size":"auto","background-attachment":"scroll","background-type":"","background-media":"","overlay-type":"","overlay-color":"","overlay-opacity":"","overlay-gradient":""},"mobile":{"background-color":"","background-image":"","background-repeat":"repeat","background-position":"center center","background-size":"auto","background-attachment":"scroll","background-type":"","background-media":"","overlay-type":"","overlay-color":"","overlay-opacity":"","overlay-gradient":""}},"ast-content-background-meta":{"desktop":{"background-color":"var(--ast-global-color-5)","background-image":"","background-repeat":"repeat","background-position":"center center","background-size":"auto","background-attachment":"scroll","background-type":"","background-media":"","overlay-type":"","overlay-color":"","overlay-opacity":"","overlay-gradient":""},"tablet":{"background-color":"var(--ast-global-color-5)","background-image":"","background-repeat":"repeat","background-position":"center center","background-size":"auto","background-attachment":"scroll","background-type":"","background-media":"","overlay-type":"","overlay-color":"","overlay-opacity":"","overlay-gradient":""},"mobile":{"background-color":"var(--ast-global-color-5)","background-image":"","background-repeat":"repeat","background-position":"center center","background-size":"auto","background-attachment":"scroll","background-type":"","background-media":"","overlay-type":"","overlay-color":"","overlay-opacity":"","overlay-gradient":""}}},"product_brand":[],"product_cat":[27,23,22],"product_tag":[124,28,62,31,38,37,63,65],"class_list":{"0":"post-1513","1":"product","2":"type-product","3":"status-publish","4":"has-post-thumbnail","6":"product_cat-coriolis","7":"product_cat-jeux-de-roles","8":"product_cat-version-papier","9":"product_tag-art","10":"product_tag-aventure","11":"product_tag-espace","12":"product_tag-fantastique","13":"product_tag-intrigue","14":"product_tag-jeux","15":"product_tag-space-opera","16":"product_tag-vaisseaux","17":"desktop-align-center","18":"tablet-align-center","19":"mobile-align-center","21":"first","22":"outofstock","23":"shipping-taxable","24":"purchasable","25":"product-type-simple"},"uagb_featured_image_src":{"full":["https:\/\/www.aka-games.fr\/aka_site\/wp-content\/uploads\/2021\/04\/AK_Cor_EmissairePerdu.jpg",1024,1024,false],"thumbnail":["https:\/\/www.aka-games.fr\/aka_site\/wp-content\/uploads\/2021\/04\/AK_Cor_EmissairePerdu-150x150.jpg",150,150,true],"medium":["https:\/\/www.aka-games.fr\/aka_site\/wp-content\/uploads\/2021\/04\/AK_Cor_EmissairePerdu-300x300.jpg",300,300,true],"medium_large":["https:\/\/www.aka-games.fr\/aka_site\/wp-content\/uploads\/2021\/04\/AK_Cor_EmissairePerdu-768x768.jpg",768,768,true],"large":["https:\/\/www.aka-games.fr\/aka_site\/wp-content\/uploads\/2021\/04\/AK_Cor_EmissairePerdu-1024x1024.jpg",1024,1024,true],"1536x1536":["https:\/\/www.aka-games.fr\/aka_site\/wp-content\/uploads\/2021\/04\/AK_Cor_EmissairePerdu.jpg",1024,1024,false],"2048x2048":["https:\/\/www.aka-games.fr\/aka_site\/wp-content\/uploads\/2021\/04\/AK_Cor_EmissairePerdu.jpg",1024,1024,false],"woocommerce_thumbnail":["https:\/\/www.aka-games.fr\/aka_site\/wp-content\/uploads\/2021\/04\/AK_Cor_EmissairePerdu-300x300.jpg",300,300,true],"woocommerce_single":["https:\/\/www.aka-games.fr\/aka_site\/wp-content\/uploads\/2021\/04\/AK_Cor_EmissairePerdu-600x600.jpg",600,600,true],"woocommerce_gallery_thumbnail":["https:\/\/www.aka-games.fr\/aka_site\/wp-content\/uploads\/2021\/04\/AK_Cor_EmissairePerdu-100x100.jpg",100,100,true],"ppec_logo_image_size":["https:\/\/www.aka-games.fr\/aka_site\/wp-content\/uploads\/2021\/04\/AK_Cor_EmissairePerdu.jpg",60,60,false],"ppec_header_image_size":["https:\/\/www.aka-games.fr\/aka_site\/wp-content\/uploads\/2021\/04\/AK_Cor_EmissairePerdu.jpg",90,90,false]},"uagb_author_info":{"display_name":"Florrent","author_link":"https:\/\/www.aka-games.fr\/aka_site\/author\/"},"uagb_comment_info":0,"uagb_excerpt":"L\u2019\u00c9misssaire de X\u00e8ne a disparu\u2026","_links":{"self":[{"href":"https:\/\/www.aka-games.fr\/aka_site\/wp-json\/wp\/v2\/product\/1513","targetHints":{"allow":["GET"]}}],"collection":[{"href":"https:\/\/www.aka-games.fr\/aka_site\/wp-json\/wp\/v2\/product"}],"about":[{"href":"https:\/\/www.aka-games.fr\/aka_site\/wp-json\/wp\/v2\/types\/product"}],"replies":[{"embeddable":true,"href":"https:\/\/www.aka-games.fr\/aka_site\/wp-json\/wp\/v2\/comments?post=1513"}],"version-history":[{"count":1,"href":"https:\/\/www.aka-games.fr\/aka_site\/wp-json\/wp\/v2\/product\/1513\/revisions"}],"predecessor-version":[{"id":1518,"href":"https:\/\/www.aka-games.fr\/aka_site\/wp-json\/wp\/v2\/product\/1513\/revisions\/1518"}],"wp:featuredmedia":[{"embeddable":true,"href":"https:\/\/www.aka-games.fr\/aka_site\/wp-json\/wp\/v2\/media\/1473"}],"wp:attachment":[{"href":"https:\/\/www.aka-games.fr\/aka_site\/wp-json\/wp\/v2\/media?parent=1513"}],"wp:term":[{"taxonomy":"product_brand","embeddable":true,"href":"https:\/\/www.aka-games.fr\/aka_site\/wp-json\/wp\/v2\/product_brand?post=1513"},{"taxonomy":"product_cat","embeddable":true,"href":"https:\/\/www.aka-games.fr\/aka_site\/wp-json\/wp\/v2\/product_cat?post=1513"},{"taxonomy":"product_tag","embeddable":true,"href":"https:\/\/www.aka-games.fr\/aka_site\/wp-json\/wp\/v2\/product_tag?post=1513"}],"curies":[{"name":"wp","href":"https:\/\/api.w.org\/{rel}","templated":true}]}}