{"id":215,"date":"2020-03-04T19:10:01","date_gmt":"2020-03-04T18:10:01","guid":{"rendered":"https:\/\/www.aka-games.fr\/aka_site\/?post_type=product&#038;p=215"},"modified":"2025-12-29T15:06:18","modified_gmt":"2025-12-29T14:06:18","slug":"symbaroum-guide-du-joueur-version-papier","status":"publish","type":"product","link":"https:\/\/www.aka-games.fr\/aka_site\/produit\/symbaroum-guide-du-joueur-version-papier\/","title":{"rendered":"Symbaroum &#8211; Guide du Joueur &#8211; Version Papier"},"content":{"rendered":"<p class=\"p1\"><em>Tout le groupe s\u2019entassa <span class=\"s1\">dans une alc\u00f4ve, <\/span>au fond de la taverne enfum\u00e9e. Leur potentiel employeur s\u2019assit sur un tabouret, envelopp\u00e9 dans une cape. Ses yeux scintillaient dans la p\u00e9nombre de son capuchon. \u00ab\u00a0Elle est&#8230; diff\u00e9rente\u00a0\u00bb fit Agneisha. <\/em><\/p>\n<p class=\"p1\"><em>\u00ab\u00a0J\u2019ai deux exigences\u00a0\u00bb, siffla-t-elle. \u00ab Tout d\u2019abord, le faux Th\u00e9urge doit mourir. Ensuite vous devez m\u2019emmener dans votre p\u00e9riple. \u00bb <\/em><\/p>\n<p class=\"p1\"><em>\u00ab\u00a0Ce ne sont pas mes affaires, mais&#8230;quel est votre nom ? Et quel probl\u00e8me avez-vous avec le pr\u00eatre\u00a0?\u00a0\u00bb <\/em><\/p>\n<p class=\"p1\"><em>Elle fusilla le nain du regard. \u00ab Vous pouvez m\u2019appeler Sarli \u00bb, et, apr\u00e8s une courte pause, elle murmura\u00a0: \u00ab\u00a0Le pr\u00eatre&#8230; Il doit mourir parce qu\u2019il m\u2019a assassin\u00e9e.\u00a0\u00bb<\/em><\/p>\n<p class=\"p1\"><span class=\"s1\"><b>Le Guide du Joueur<\/b><\/span> contient tout ce dont un joueur de <i>Symbaroum<\/i> peut r\u00eaver. Cet ouvrage est une compilation de nouveaux arch\u00e9types, races, professions, talents, pouvoirs, rituels, \u00e9quipement et nouvelles r\u00e8gles qui pourront modifier vos habitudes de jeu. Voici un suppl\u00e9ment incontournable pour tous ceux qui br\u00fblent d\u2019arpenter les profondeurs obscures de Davokar.<\/p>\n","protected":false},"excerpt":{"rendered":"<p class=\"p1\"><em>Tout le groupe s\u2019entassa <span class=\"s1\">dans une alc\u00f4ve, <\/span>au fond de la taverne enfum\u00e9e.<\/em><em><br \/>\n<\/em><\/p>\n","protected":false},"featured_media":214,"comment_status":"open","ping_status":"closed","template":"","meta":{"_uag_custom_page_level_css":"","site-sidebar-layout":"left-sidebar","site-content-layout":"default","ast-site-content-layout":"default","site-content-style":"default","site-sidebar-style":"default","ast-global-header-display":"","ast-banner-title-visibility":"","ast-main-header-display":"","ast-hfb-above-header-display":"","ast-hfb-below-header-display":"","ast-hfb-mobile-header-display":"","site-post-title":"","ast-breadcrumbs-content":"","ast-featured-img":"","footer-sml-layout":"","ast-disable-related-posts":"","theme-transparent-header-meta":"default","adv-header-id-meta":"","stick-header-meta":"default","header-above-stick-meta":"","header-main-stick-meta":"","header-below-stick-meta":"","astra-migrate-meta-layouts":"default","ast-page-background-enabled":"default","ast-page-background-meta":{"desktop":{"background-color":"","background-image":"","background-repeat":"repeat","background-position":"center center","background-size":"auto","background-attachment":"scroll","background-type":"","background-media":"","overlay-type":"","overlay-color":"","overlay-opacity":"","overlay-gradient":""},"tablet":{"background-color":"","background-image":"","background-repeat":"repeat","background-position":"center center","background-size":"auto","background-attachment":"scroll","background-type":"","background-media":"","overlay-type":"","overlay-color":"","overlay-opacity":"","overlay-gradient":""},"mobile":{"background-color":"","background-image":"","background-repeat":"repeat","background-position":"center center","background-size":"auto","background-attachment":"scroll","background-type":"","background-media":"","overlay-type":"","overlay-color":"","overlay-opacity":"","overlay-gradient":""}},"ast-content-background-meta":{"desktop":{"background-color":"var(--ast-global-color-5)","background-image":"","background-repeat":"repeat","background-position":"center center","background-size":"auto","background-attachment":"scroll","background-type":"","background-media":"","overlay-type":"","overlay-color":"","overlay-opacity":"","overlay-gradient":""},"tablet":{"background-color":"var(--ast-global-color-5)","background-image":"","background-repeat":"repeat","background-position":"center center","background-size":"auto","background-attachment":"scroll","background-type":"","background-media":"","overlay-type":"","overlay-color":"","overlay-opacity":"","overlay-gradient":""},"mobile":{"background-color":"var(--ast-global-color-5)","background-image":"","background-repeat":"repeat","background-position":"center center","background-size":"auto","background-attachment":"scroll","background-type":"","background-media":"","overlay-type":"","overlay-color":"","overlay-opacity":"","overlay-gradient":""}}},"product_brand":[],"product_cat":[23,24,22],"product_tag":[28,34,31,35,38,37,32,30,29,36,33],"class_list":{"0":"post-215","1":"product","2":"type-product","3":"status-publish","4":"has-post-thumbnail","6":"product_cat-jeux-de-roles","7":"product_cat-symbaroum","8":"product_cat-version-papier","9":"product_tag-aventure","10":"product_tag-dark","11":"product_tag-fantastique","12":"product_tag-fantasy","13":"product_tag-intrigue","14":"product_tag-jeux","15":"product_tag-magie","16":"product_tag-medieval","17":"product_tag-mystere","18":"product_tag-roles","19":"product_tag-secret","20":"desktop-align-center","21":"tablet-align-center","22":"mobile-align-center","24":"first","25":"outofstock","26":"shipping-taxable","27":"purchasable","28":"product-type-simple"},"uagb_featured_image_src":{"full":["https:\/\/www.aka-games.fr\/aka_site\/wp-content\/uploads\/2020\/03\/Symb_GdJ_Couv.png",1024,1024,false],"thumbnail":["https:\/\/www.aka-games.fr\/aka_site\/wp-content\/uploads\/2020\/03\/Symb_GdJ_Couv-150x150.png",150,150,true],"medium":["https:\/\/www.aka-games.fr\/aka_site\/wp-content\/uploads\/2020\/03\/Symb_GdJ_Couv-300x300.png",300,300,true],"medium_large":["https:\/\/www.aka-games.fr\/aka_site\/wp-content\/uploads\/2020\/03\/Symb_GdJ_Couv-768x768.png",768,768,true],"large":["https:\/\/www.aka-games.fr\/aka_site\/wp-content\/uploads\/2020\/03\/Symb_GdJ_Couv-1024x1024.png",1024,1024,true],"1536x1536":["https:\/\/www.aka-games.fr\/aka_site\/wp-content\/uploads\/2020\/03\/Symb_GdJ_Couv.png",1024,1024,false],"2048x2048":["https:\/\/www.aka-games.fr\/aka_site\/wp-content\/uploads\/2020\/03\/Symb_GdJ_Couv.png",1024,1024,false],"woocommerce_thumbnail":["https:\/\/www.aka-games.fr\/aka_site\/wp-content\/uploads\/2020\/03\/Symb_GdJ_Couv-300x300.png",300,300,true],"woocommerce_single":["https:\/\/www.aka-games.fr\/aka_site\/wp-content\/uploads\/2020\/03\/Symb_GdJ_Couv-600x600.png",600,600,true],"woocommerce_gallery_thumbnail":["https:\/\/www.aka-games.fr\/aka_site\/wp-content\/uploads\/2020\/03\/Symb_GdJ_Couv-100x100.png",100,100,true],"ppec_logo_image_size":["https:\/\/www.aka-games.fr\/aka_site\/wp-content\/uploads\/2020\/03\/Symb_GdJ_Couv.png",60,60,false],"ppec_header_image_size":["https:\/\/www.aka-games.fr\/aka_site\/wp-content\/uploads\/2020\/03\/Symb_GdJ_Couv.png",90,90,false]},"uagb_author_info":{"display_name":"Florrent","author_link":"https:\/\/www.aka-games.fr\/aka_site\/author\/"},"uagb_comment_info":0,"uagb_excerpt":"Tout le groupe s\u2019entassa dans une alc\u00f4ve, au fond de la taverne enfum\u00e9e.","_links":{"self":[{"href":"https:\/\/www.aka-games.fr\/aka_site\/wp-json\/wp\/v2\/product\/215","targetHints":{"allow":["GET"]}}],"collection":[{"href":"https:\/\/www.aka-games.fr\/aka_site\/wp-json\/wp\/v2\/product"}],"about":[{"href":"https:\/\/www.aka-games.fr\/aka_site\/wp-json\/wp\/v2\/types\/product"}],"replies":[{"embeddable":true,"href":"https:\/\/www.aka-games.fr\/aka_site\/wp-json\/wp\/v2\/comments?post=215"}],"version-history":[{"count":2,"href":"https:\/\/www.aka-games.fr\/aka_site\/wp-json\/wp\/v2\/product\/215\/revisions"}],"predecessor-version":[{"id":1098,"href":"https:\/\/www.aka-games.fr\/aka_site\/wp-json\/wp\/v2\/product\/215\/revisions\/1098"}],"wp:featuredmedia":[{"embeddable":true,"href":"https:\/\/www.aka-games.fr\/aka_site\/wp-json\/wp\/v2\/media\/214"}],"wp:attachment":[{"href":"https:\/\/www.aka-games.fr\/aka_site\/wp-json\/wp\/v2\/media?parent=215"}],"wp:term":[{"taxonomy":"product_brand","embeddable":true,"href":"https:\/\/www.aka-games.fr\/aka_site\/wp-json\/wp\/v2\/product_brand?post=215"},{"taxonomy":"product_cat","embeddable":true,"href":"https:\/\/www.aka-games.fr\/aka_site\/wp-json\/wp\/v2\/product_cat?post=215"},{"taxonomy":"product_tag","embeddable":true,"href":"https:\/\/www.aka-games.fr\/aka_site\/wp-json\/wp\/v2\/product_tag?post=215"}],"curies":[{"name":"wp","href":"https:\/\/api.w.org\/{rel}","templated":true}]}}