{"id":218,"date":"2020-03-04T19:25:23","date_gmt":"2020-03-04T18:25:23","guid":{"rendered":"https:\/\/www.aka-games.fr\/aka_site\/?post_type=product&#038;p=218"},"modified":"2025-07-01T08:24:24","modified_gmt":"2025-07-01T06:24:24","slug":"symbaroum-le-courroux-du-gardien-version-papier","status":"publish","type":"product","link":"https:\/\/www.aka-games.fr\/aka_site\/produit\/symbaroum-le-courroux-du-gardien-version-papier\/","title":{"rendered":"Symbaroum &#8211; Le Courroux du Gardien &#8211; Version Papier"},"content":{"rendered":"<p class=\"p1\"><em>La pluie s\u2019abat sur <span class=\"s1\">la Place du Crapaud, <\/span>tandis que l\u2019aube se faufile, \u00e0 peine visible, \u00e0 travers des cieux lourdement charg\u00e9s. L\u2019automne s\u2019est install\u00e9 sur Narugor et Fort Chardon. Le temps est venu pour les victorieux de prendre du repos dans l\u2019attente du retour de conditions climatiques plus favorables au voyage, pour les familles des souffreteux de craindre les \u00e9preuves futures, mais \u00e9galement pour les plus tenaces de faire une derni\u00e8re tentative \u2014 en d\u2019autres termes, un automne comme un autre pour quiconque demeure dans l\u2019ombre de Davokar. <\/em><\/p>\n<p class=\"p2\"><em>Mais, bien que tout semble normal, ces derniers jours ont \u00e9t\u00e9 marqu\u00e9s par une atmosph\u00e8re anormalement sombre, presque sinistre. Tout le monde l\u2019a sentie, y compris les plus prosp\u00e8res qui ne devraient pas avoir de raisons de s\u2019inqui\u00e9ter \u2014 une boule dans la gorge, de douloureuses crampes dans les boyaux. <\/em><\/p>\n<p class=\"p3\"><span class=\"s1\"><b>Fort Chardon\u00a0\u2014\u00a0Le Courroux du Gardien <\/b><\/span>est le premier volume de la campagne des Chroniques du Tr\u00f4ne d\u2019\u00c9pines. Il d\u00e9bute avec une description de Fort Chardon, \u00e0 destination \u00e0 la fois des joueurs et de leur Meneur de jeu. Vient ensuite vient une section uniquement destin\u00e9e \u00e0 ce dernier, renfermant surtout des informations et des secrets pouvant \u00eatre utilis\u00e9s pour cr\u00e9er d\u2019autres aventures dans cette ville, \u00e0 la lisi\u00e8re de Davokar. Enfin, vient le sc\u00e9nario lui-m\u00eame, \u00ab\u00a0Le Courroux du Gardien\u00a0\u00bb, qui d\u00e9bute cette longue campagne et vous entra\u00eenera, vous et vos amis, dans de nombreuses aventures palpitantes.<\/p>\n","protected":false},"excerpt":{"rendered":"<p class=\"p1\"><span class=\"s1\">Premier volet de la campagne des <em>Chroniques du Tr\u00f4ne d\u2019\u00e9pines<\/em><em><br \/>\n<\/em><\/span><\/p>\n","protected":false},"featured_media":180,"comment_status":"open","ping_status":"closed","template":"","meta":{"_uag_custom_page_level_css":"","site-sidebar-layout":"left-sidebar","site-content-layout":"default","ast-site-content-layout":"default","site-content-style":"default","site-sidebar-style":"default","ast-global-header-display":"","ast-banner-title-visibility":"","ast-main-header-display":"","ast-hfb-above-header-display":"","ast-hfb-below-header-display":"","ast-hfb-mobile-header-display":"","site-post-title":"","ast-breadcrumbs-content":"","ast-featured-img":"","footer-sml-layout":"","ast-disable-related-posts":"","theme-transparent-header-meta":"default","adv-header-id-meta":"","stick-header-meta":"default","header-above-stick-meta":"","header-main-stick-meta":"","header-below-stick-meta":"","astra-migrate-meta-layouts":"default","ast-page-background-enabled":"default","ast-page-background-meta":{"desktop":{"background-color":"","background-image":"","background-repeat":"repeat","background-position":"center center","background-size":"auto","background-attachment":"scroll","background-type":"","background-media":"","overlay-type":"","overlay-color":"","overlay-opacity":"","overlay-gradient":""},"tablet":{"background-color":"","background-image":"","background-repeat":"repeat","background-position":"center center","background-size":"auto","background-attachment":"scroll","background-type":"","background-media":"","overlay-type":"","overlay-color":"","overlay-opacity":"","overlay-gradient":""},"mobile":{"background-color":"","background-image":"","background-repeat":"repeat","background-position":"center center","background-size":"auto","background-attachment":"scroll","background-type":"","background-media":"","overlay-type":"","overlay-color":"","overlay-opacity":"","overlay-gradient":""}},"ast-content-background-meta":{"desktop":{"background-color":"var(--ast-global-color-5)","background-image":"","background-repeat":"repeat","background-position":"center center","background-size":"auto","background-attachment":"scroll","background-type":"","background-media":"","overlay-type":"","overlay-color":"","overlay-opacity":"","overlay-gradient":""},"tablet":{"background-color":"var(--ast-global-color-5)","background-image":"","background-repeat":"repeat","background-position":"center center","background-size":"auto","background-attachment":"scroll","background-type":"","background-media":"","overlay-type":"","overlay-color":"","overlay-opacity":"","overlay-gradient":""},"mobile":{"background-color":"var(--ast-global-color-5)","background-image":"","background-repeat":"repeat","background-position":"center center","background-size":"auto","background-attachment":"scroll","background-type":"","background-media":"","overlay-type":"","overlay-color":"","overlay-opacity":"","overlay-gradient":""}}},"product_brand":[],"product_cat":[23,24,22],"product_tag":[28,69,34,31,35,38,37,32,30,29,36,33],"class_list":{"0":"post-218","1":"product","2":"type-product","3":"status-publish","4":"has-post-thumbnail","6":"product_cat-jeux-de-roles","7":"product_cat-symbaroum","8":"product_cat-version-papier","9":"product_tag-aventure","10":"product_tag-campagne","11":"product_tag-dark","12":"product_tag-fantastique","13":"product_tag-fantasy","14":"product_tag-intrigue","15":"product_tag-jeux","16":"product_tag-magie","17":"product_tag-medieval","18":"product_tag-mystere","19":"product_tag-roles","20":"product_tag-secret","21":"desktop-align-center","22":"tablet-align-center","23":"mobile-align-center","25":"first","26":"outofstock","27":"shipping-taxable","28":"purchasable","29":"product-type-simple"},"uagb_featured_image_src":{"full":["https:\/\/www.aka-games.fr\/aka_site\/wp-content\/uploads\/2020\/03\/Symb_TdE_CdG_Couv.png",1024,1024,false],"thumbnail":["https:\/\/www.aka-games.fr\/aka_site\/wp-content\/uploads\/2020\/03\/Symb_TdE_CdG_Couv-150x150.png",150,150,true],"medium":["https:\/\/www.aka-games.fr\/aka_site\/wp-content\/uploads\/2020\/03\/Symb_TdE_CdG_Couv-300x300.png",300,300,true],"medium_large":["https:\/\/www.aka-games.fr\/aka_site\/wp-content\/uploads\/2020\/03\/Symb_TdE_CdG_Couv-768x768.png",768,768,true],"large":["https:\/\/www.aka-games.fr\/aka_site\/wp-content\/uploads\/2020\/03\/Symb_TdE_CdG_Couv-1024x1024.png",1024,1024,true],"1536x1536":["https:\/\/www.aka-games.fr\/aka_site\/wp-content\/uploads\/2020\/03\/Symb_TdE_CdG_Couv.png",1024,1024,false],"2048x2048":["https:\/\/www.aka-games.fr\/aka_site\/wp-content\/uploads\/2020\/03\/Symb_TdE_CdG_Couv.png",1024,1024,false],"woocommerce_thumbnail":["https:\/\/www.aka-games.fr\/aka_site\/wp-content\/uploads\/2020\/03\/Symb_TdE_CdG_Couv-300x300.png",300,300,true],"woocommerce_single":["https:\/\/www.aka-games.fr\/aka_site\/wp-content\/uploads\/2020\/03\/Symb_TdE_CdG_Couv-600x600.png",600,600,true],"woocommerce_gallery_thumbnail":["https:\/\/www.aka-games.fr\/aka_site\/wp-content\/uploads\/2020\/03\/Symb_TdE_CdG_Couv-100x100.png",100,100,true],"ppec_logo_image_size":["https:\/\/www.aka-games.fr\/aka_site\/wp-content\/uploads\/2020\/03\/Symb_TdE_CdG_Couv.png",60,60,false],"ppec_header_image_size":["https:\/\/www.aka-games.fr\/aka_site\/wp-content\/uploads\/2020\/03\/Symb_TdE_CdG_Couv.png",90,90,false]},"uagb_author_info":{"display_name":"Florrent","author_link":"https:\/\/www.aka-games.fr\/aka_site\/author\/"},"uagb_comment_info":0,"uagb_excerpt":"Premier volet de la campagne des Chroniques du Tr\u00f4ne d\u2019\u00e9pines","_links":{"self":[{"href":"https:\/\/www.aka-games.fr\/aka_site\/wp-json\/wp\/v2\/product\/218","targetHints":{"allow":["GET"]}}],"collection":[{"href":"https:\/\/www.aka-games.fr\/aka_site\/wp-json\/wp\/v2\/product"}],"about":[{"href":"https:\/\/www.aka-games.fr\/aka_site\/wp-json\/wp\/v2\/types\/product"}],"replies":[{"embeddable":true,"href":"https:\/\/www.aka-games.fr\/aka_site\/wp-json\/wp\/v2\/comments?post=218"}],"version-history":[{"count":2,"href":"https:\/\/www.aka-games.fr\/aka_site\/wp-json\/wp\/v2\/product\/218\/revisions"}],"predecessor-version":[{"id":1096,"href":"https:\/\/www.aka-games.fr\/aka_site\/wp-json\/wp\/v2\/product\/218\/revisions\/1096"}],"wp:featuredmedia":[{"embeddable":true,"href":"https:\/\/www.aka-games.fr\/aka_site\/wp-json\/wp\/v2\/media\/180"}],"wp:attachment":[{"href":"https:\/\/www.aka-games.fr\/aka_site\/wp-json\/wp\/v2\/media?parent=218"}],"wp:term":[{"taxonomy":"product_brand","embeddable":true,"href":"https:\/\/www.aka-games.fr\/aka_site\/wp-json\/wp\/v2\/product_brand?post=218"},{"taxonomy":"product_cat","embeddable":true,"href":"https:\/\/www.aka-games.fr\/aka_site\/wp-json\/wp\/v2\/product_cat?post=218"},{"taxonomy":"product_tag","embeddable":true,"href":"https:\/\/www.aka-games.fr\/aka_site\/wp-json\/wp\/v2\/product_tag?post=218"}],"curies":[{"name":"wp","href":"https:\/\/api.w.org\/{rel}","templated":true}]}}