{"id":2424,"date":"2024-09-28T17:46:36","date_gmt":"2024-09-28T15:46:36","guid":{"rendered":"https:\/\/www.aka-games.fr\/aka_site\/?post_type=product&#038;p=2424"},"modified":"2025-12-29T15:00:51","modified_gmt":"2025-12-29T14:00:51","slug":"symbaroum-la-mere-des-tenebres-version-papier","status":"publish","type":"product","link":"https:\/\/www.aka-games.fr\/aka_site\/produit\/symbaroum-la-mere-des-tenebres-version-papier\/","title":{"rendered":"Symbaroum &#8211; La M\u00e8re des T\u00e9n\u00e8bres &#8211; Version Papier"},"content":{"rendered":"<p><em>Une autre feuille d\u2019un jaune vif bord\u00e9 de rouille tomba au creux de sa main. Ardil la contempla sans \u00e9motion. Le torrent de haine, de chagrin et de terreur dont il avait souffert lorsqu\u2019il avait pour la premi\u00e8re fois remarqu\u00e9 le changement, l\u2019avait abandonn\u00e9 dans un \u00e9tat au-del\u00e0 de l\u2019espoir et du d\u00e9sespoir.<\/em><\/p>\n<p><em>Un cri de souffrance d\u00e9chira la brume matinale, et il tourna son regard vers le sud. Cela ne ressemblait gu\u00e8re \u00e0 celui d\u2019un mort \u00e0 peine \u00e9veill\u00e9, ou de l\u2019une de ces cr\u00e9atures surnaturelles qui hantaient la cit\u00e9 en ruine. Un humain ? Il savait qu\u2019ils arrivaient, \u00e0 la recherche des richesses de Symbar, beaucoup trop avides pour \u00eatre arr\u00eat\u00e9s par des avertissements ou des menaces. Il laissa tomber la feuille, encocha une fl\u00e8che et avan\u00e7a vers la source du cri.<\/em><\/p>\n<p><em>Durant un mill\u00e9naire, la Garde noire avait veill\u00e9 \u00e0 ce que les t\u00e9n\u00e8bres demeurent encha\u00een\u00e9es dans une paisible torpeur. Mais c\u2019\u00e9tait bien avant que les humains ne viennent du sud, fuyant \u00e0 travers les montagnes, avant d\u2019entrer dans les bois pour les piller avidement. Et si Ardil ne s\u2019\u00e9tait pas tromp\u00e9, ils avaient \u00e0 pr\u00e9sent atteint le c\u0153ur de la for\u00eat, o\u00f9 le perp\u00e9tuel \u00e9t\u00e9 avait fait place \u00e0 l&rsquo;automne, et o\u00f9 les liens perdaient leur puissance. O\u00f9 les t\u00e9n\u00e8bres s\u2019\u00e9taient d\u00e9j\u00e0 \u00e9veill\u00e9es.<\/em><\/p>\n<p>&nbsp;<\/p>\n<p>Nous vous souhaitons chaleureusement la bienvenue dans les profondeurs l\u00e9tales de Davokar. Ce quatri\u00e8me \u00e9pisode de la Chronique du Tr\u00f4ne d\u2019\u00c9pines ne propose pas seulement l\u2019aventure M\u00e8re des T\u00e9n\u00e8bres\u00a0; il fournit \u00e9galement des r\u00e8gles pour que vous puissiez mettre en sc\u00e8ne vos propres exp\u00e9ditions vers les parties les plus sauvages et sombres de la for\u00eat. En vous guidant de cet ouvrage, il est temps d\u2019embarquer dans le p\u00e9riple r\u00eav\u00e9 de tout chasseur de tr\u00e9sors et explorateur, vers le lieu que les Sorci\u00e8res nomment \u00ab La M\u00e8re de toutes les T\u00e9n\u00e8bres \u00bb. Vers Symbar.<\/p>\n<p>Contenu\u00a0:<\/p>\n<ul>\n<li>L\u2019aventure M\u00e8re des T\u00e9n\u00e8bres, permettant aux Personnages Joueurs d\u2019explorer la cit\u00e9 en ruine de Symbar. S\u2019ils survivent au trajet\u2026<\/li>\n<li>Le journal de voyage, r\u00e9dig\u00e9 par l\u2019exploratrice Vidina, destin\u00e9e \u00e0 \u00eatre lu par les Joueurs et le Meneur.<\/li>\n<li>Deux ruines avec leurs plans en couleurs, pouvant \u00eatre explor\u00e9es en tant que panorama d\u2019aventure ind\u00e9pendant ou comme d\u00e9couverte durant leur trajet menant \u00e0 Symbar.<\/li>\n<li>Un chapitre destin\u00e9 au Meneur de Jeu, pr\u00e9sentant l\u2019histoire la plus recul\u00e9e de la r\u00e9gion de Davokar et d\u00e9crivant des avanc\u00e9es internes des factions du monde mais \u00e9galement leurs relations.<\/li>\n<li>Des r\u00e8gles et des indications pour mener des exp\u00e9ditions en Davokar, destin\u00e9es \u00e0 cr\u00e9er ou utiliser al\u00e9atoirement des chasses au tr\u00e9sor palpitantes et des trajets d\u2019exploration.<\/li>\n<li>Un chapitre proposant des r\u00e8gles pour de nouveaux Traits, art\u00e9facts, cr\u00e9atures et une version \u00e9tendue de l\u2019Atout Art de la Survie.<\/li>\n<\/ul>\n","protected":false},"excerpt":{"rendered":"<p class=\"p1\"><span class=\"s1\">Quatri\u00e8me volet de la campagne des <em>Chroniques du Tr\u00f4ne d\u2019\u00e9pines<\/em><em><br \/>\n<\/em><\/span><\/p>\n","protected":false},"featured_media":2425,"comment_status":"open","ping_status":"closed","template":"","meta":{"_uag_custom_page_level_css":"","site-sidebar-layout":"left-sidebar","site-content-layout":"default","ast-site-content-layout":"default","site-content-style":"default","site-sidebar-style":"default","ast-global-header-display":"","ast-banner-title-visibility":"","ast-main-header-display":"","ast-hfb-above-header-display":"","ast-hfb-below-header-display":"","ast-hfb-mobile-header-display":"","site-post-title":"","ast-breadcrumbs-content":"","ast-featured-img":"","footer-sml-layout":"","ast-disable-related-posts":"","theme-transparent-header-meta":"default","adv-header-id-meta":"","stick-header-meta":"default","header-above-stick-meta":"","header-main-stick-meta":"","header-below-stick-meta":"","astra-migrate-meta-layouts":"set","ast-page-background-enabled":"default","ast-page-background-meta":{"desktop":{"background-color":"","background-image":"","background-repeat":"repeat","background-position":"center center","background-size":"auto","background-attachment":"scroll","background-type":"","background-media":"","overlay-type":"","overlay-color":"","overlay-opacity":"","overlay-gradient":""},"tablet":{"background-color":"","background-image":"","background-repeat":"repeat","background-position":"center center","background-size":"auto","background-attachment":"scroll","background-type":"","background-media":"","overlay-type":"","overlay-color":"","overlay-opacity":"","overlay-gradient":""},"mobile":{"background-color":"","background-image":"","background-repeat":"repeat","background-position":"center center","background-size":"auto","background-attachment":"scroll","background-type":"","background-media":"","overlay-type":"","overlay-color":"","overlay-opacity":"","overlay-gradient":""}},"ast-content-background-meta":{"desktop":{"background-color":"var(--ast-global-color-5)","background-image":"","background-repeat":"repeat","background-position":"center center","background-size":"auto","background-attachment":"scroll","background-type":"","background-media":"","overlay-type":"","overlay-color":"","overlay-opacity":"","overlay-gradient":""},"tablet":{"background-color":"var(--ast-global-color-5)","background-image":"","background-repeat":"repeat","background-position":"center center","background-size":"auto","background-attachment":"scroll","background-type":"","background-media":"","overlay-type":"","overlay-color":"","overlay-opacity":"","overlay-gradient":""},"mobile":{"background-color":"var(--ast-global-color-5)","background-image":"","background-repeat":"repeat","background-position":"center center","background-size":"auto","background-attachment":"scroll","background-type":"","background-media":"","overlay-type":"","overlay-color":"","overlay-opacity":"","overlay-gradient":""}}},"product_brand":[],"product_cat":[23,24,22],"product_tag":[28,69,34,31,35,38,37,32,30,29,36,33],"class_list":{"0":"post-2424","1":"product","2":"type-product","3":"status-publish","4":"has-post-thumbnail","6":"product_cat-jeux-de-roles","7":"product_cat-symbaroum","8":"product_cat-version-papier","9":"product_tag-aventure","10":"product_tag-campagne","11":"product_tag-dark","12":"product_tag-fantastique","13":"product_tag-fantasy","14":"product_tag-intrigue","15":"product_tag-jeux","16":"product_tag-magie","17":"product_tag-medieval","18":"product_tag-mystere","19":"product_tag-roles","20":"product_tag-secret","21":"desktop-align-center","22":"tablet-align-center","23":"mobile-align-center","25":"first","26":"outofstock","27":"shipping-taxable","28":"purchasable","29":"product-type-simple"},"uagb_featured_image_src":{"full":["https:\/\/www.aka-games.fr\/aka_site\/wp-content\/uploads\/2024\/09\/Symb_MdT.jpg",600,800,false],"thumbnail":["https:\/\/www.aka-games.fr\/aka_site\/wp-content\/uploads\/2024\/09\/Symb_MdT-113x150.jpg",113,150,true],"medium":["https:\/\/www.aka-games.fr\/aka_site\/wp-content\/uploads\/2024\/09\/Symb_MdT-225x300.jpg",225,300,true],"medium_large":["https:\/\/www.aka-games.fr\/aka_site\/wp-content\/uploads\/2024\/09\/Symb_MdT.jpg",600,800,false],"large":["https:\/\/www.aka-games.fr\/aka_site\/wp-content\/uploads\/2024\/09\/Symb_MdT.jpg",600,800,false],"1536x1536":["https:\/\/www.aka-games.fr\/aka_site\/wp-content\/uploads\/2024\/09\/Symb_MdT.jpg",600,800,false],"2048x2048":["https:\/\/www.aka-games.fr\/aka_site\/wp-content\/uploads\/2024\/09\/Symb_MdT.jpg",600,800,false],"woocommerce_thumbnail":["https:\/\/www.aka-games.fr\/aka_site\/wp-content\/uploads\/2024\/09\/Symb_MdT-300x300.jpg",300,300,true],"woocommerce_single":["https:\/\/www.aka-games.fr\/aka_site\/wp-content\/uploads\/2024\/09\/Symb_MdT.jpg",600,800,false],"woocommerce_gallery_thumbnail":["https:\/\/www.aka-games.fr\/aka_site\/wp-content\/uploads\/2024\/09\/Symb_MdT-100x100.jpg",100,100,true],"ppec_logo_image_size":["https:\/\/www.aka-games.fr\/aka_site\/wp-content\/uploads\/2024\/09\/Symb_MdT-45x60.jpg",45,60,true],"ppec_header_image_size":["https:\/\/www.aka-games.fr\/aka_site\/wp-content\/uploads\/2024\/09\/Symb_MdT-68x90.jpg",68,90,true]},"uagb_author_info":{"display_name":"Florrent","author_link":"https:\/\/www.aka-games.fr\/aka_site\/author\/"},"uagb_comment_info":0,"uagb_excerpt":"Quatri\u00e8me volet de la campagne des Chroniques du Tr\u00f4ne d\u2019\u00e9pines","_links":{"self":[{"href":"https:\/\/www.aka-games.fr\/aka_site\/wp-json\/wp\/v2\/product\/2424","targetHints":{"allow":["GET"]}}],"collection":[{"href":"https:\/\/www.aka-games.fr\/aka_site\/wp-json\/wp\/v2\/product"}],"about":[{"href":"https:\/\/www.aka-games.fr\/aka_site\/wp-json\/wp\/v2\/types\/product"}],"replies":[{"embeddable":true,"href":"https:\/\/www.aka-games.fr\/aka_site\/wp-json\/wp\/v2\/comments?post=2424"}],"version-history":[{"count":1,"href":"https:\/\/www.aka-games.fr\/aka_site\/wp-json\/wp\/v2\/product\/2424\/revisions"}],"predecessor-version":[{"id":2426,"href":"https:\/\/www.aka-games.fr\/aka_site\/wp-json\/wp\/v2\/product\/2424\/revisions\/2426"}],"wp:featuredmedia":[{"embeddable":true,"href":"https:\/\/www.aka-games.fr\/aka_site\/wp-json\/wp\/v2\/media\/2425"}],"wp:attachment":[{"href":"https:\/\/www.aka-games.fr\/aka_site\/wp-json\/wp\/v2\/media?parent=2424"}],"wp:term":[{"taxonomy":"product_brand","embeddable":true,"href":"https:\/\/www.aka-games.fr\/aka_site\/wp-json\/wp\/v2\/product_brand?post=2424"},{"taxonomy":"product_cat","embeddable":true,"href":"https:\/\/www.aka-games.fr\/aka_site\/wp-json\/wp\/v2\/product_cat?post=2424"},{"taxonomy":"product_tag","embeddable":true,"href":"https:\/\/www.aka-games.fr\/aka_site\/wp-json\/wp\/v2\/product_tag?post=2424"}],"curies":[{"name":"wp","href":"https:\/\/api.w.org\/{rel}","templated":true}]}}