{"id":2437,"date":"2024-09-28T18:12:09","date_gmt":"2024-09-28T16:12:09","guid":{"rendered":"https:\/\/www.aka-games.fr\/aka_site\/?post_type=product&#038;p=2437"},"modified":"2025-12-29T15:04:26","modified_gmt":"2025-12-29T14:04:26","slug":"symbaroum-guide-du-meneur-version-papier","status":"publish","type":"product","link":"https:\/\/www.aka-games.fr\/aka_site\/produit\/symbaroum-guide-du-meneur-version-papier\/","title":{"rendered":"Symbaroum &#8211; Guide du Meneur &#8211; Version Papier"},"content":{"rendered":"<p><em>Le silence r\u00e9gnait dans les rangs, si profond que le simple craquement de notre armure de cuir semblait assourdissant ; tout aussi silencieux que l\u2019avait \u00e9t\u00e9 notre avant-poste \u00e0 Davokar ces trois derni\u00e8res semaines. M\u00eame les mercenaires que notre Seigneur avait engag\u00e9 pour tenter de mettre toutes les chances de son c\u00f4t\u00e9, semblaient appr\u00e9cier la gravit\u00e9 de la situation : ils formaient l\u2019arri\u00e8re de la colonne, en ligne et disciplin\u00e9s comme jamais. Silencieux.<\/em><\/p>\n<p><em>Nous ne savions pas \u00e0 quoi nous attendre. Les \u00e9claireurs n\u2019\u00e9taient pas revenus, pas plus les premiers que la seconde troupe qui \u00e9taient partis vers l\u2019avant-poste. Quelques-uns des pigeons appartenant \u00e0 ces derniers \u00e9taient bien revenus, mais sans information sur ce qui avait pu se produire. \u00c9tait-ce une branche belliqueuse du clan Karohar ? Un seigneur troll enrag\u00e9 ou une meute de pr\u00e9dateurs ? Une ancienne ou sombre contagion, ou quelque abomination ?<\/em><\/p>\n<p><em>La v\u00e9rit\u00e9 s\u2019av\u00e9ra bien pire : des guerriers du Pacte de Fer, soutenus par des Fr\u00e8res jur\u00e9s barbares. Ils attaqu\u00e8rent sans poser de question, sans h\u00e9sitation, sans piti\u00e9, jaillissant de l\u2019ombre, du feuillage, des racines, des tiges, et de la pierre. Voici mon conseil \u00e0 vous qui devez h\u00e9riter du domaine de mon Seigneur : ne r\u00e9coltez que ce qui peut l\u2019\u00eatre sous les cieux ; ce qu\u2019ombragent les arbres de Davokar ne vous appartient pas et vous ne devez pas le r\u00e9cup\u00e9rer. Acceptez ce fait ou rejoignez les morts\u2026<\/em><\/p>\n<p>&nbsp;<\/p>\n<p>La gamme des livres de base de Symbaroum est enfin compl\u00e8te gr\u00e2ce \u00e0 ce Guide du Meneur\u00a0! Voici trois sections destin\u00e9es \u00e0 inspirer et \u00e0 soutenir le Meneur de Jeu, de la cr\u00e9ation d\u2019aventures de son cru \u00e0 la gestion des parties. Que vous pr\u00e9f\u00e9riez le lire d\u2019un trait ou que vous choisissiez d\u2019en piocher des extraits utiles, les conseils et r\u00e8gles alternatives propos\u00e9s dans cet ouvrage vous aideront sans nul doute \u00e0 rendre les aventures dans le monde de Symbaroum encore plus palpitantes, excitantes et m\u00e9morables !<\/p>\n<p>Contenu<\/p>\n<ul>\n<li>La section Aventure comprend des chapitres consacr\u00e9s \u00e0 la cr\u00e9ation de mondes de jeu, de chroniques, de panoramas d\u2019aventures et de sc\u00e9narios se passant dans le Monde inf\u00e9rieur, l\u2019Outremonde, et le Monde des esprits. Elle propose \u00e9galement des conseils sur la mani\u00e8re de structurer des aventures pour des Personnages Joueurs exp\u00e9riment\u00e9s, et des indications pour le Jeu en Troupe dans Symbaroum.<\/li>\n<li>La section des D\u00e9fis renferme des r\u00e8gles alternatives pour des batailles rang\u00e9es, des pi\u00e8ges complexes et des d\u00e9fis sociaux. On y d\u00e9couvre \u00e9galement des chapitres sur la Magie c\u00e9r\u00e9monielle (avec seize c\u00e9r\u00e9monies), les exp\u00e9ditions en Davokar, l\u2019exploration des ruines, la cr\u00e9ation de cr\u00e9atures l\u00e9gendaires et des r\u00e8gles pour guider les Personnages Joueurs poss\u00e9dant et g\u00e9rant une grande propri\u00e9t\u00e9 ou un plus petit domaine.<\/li>\n<li>Celle des R\u00e9compenses offre des suggestions sur diverses mani\u00e8res de gratifier les Personnages autrement qu&rsquo;avec de l&rsquo;Exp\u00e9rience ou des pi\u00e8ces sonnantes et tr\u00e9buchantes. Ce chapitre pr\u00e9sente \u00e9galement des directives pour cr\u00e9er ce qui dans Symbaroum se nomme Curiosit\u00e9s, Tr\u00e9sors mystiques et Artefacts, suivies par la description de pas moins de vingt-sept artefacts, tous accompagn\u00e9s par une mise en place d\u2019aventure in\u00e9dite.<\/li>\n<li>Cet ouvrage n\u00e9cessite l&rsquo;usage du Livre de Base de Symbaroum, et ne donne toute sa mesure qu\u2019avec le Guide du Joueur et le Codex des Monstres.<\/li>\n<\/ul>\n","protected":false},"excerpt":{"rendered":"<p class=\"p1\"><span class=\"s1\"><em>La gamme des livres de base de Symbaroum est enfin compl\u00e8te gr\u00e2ce \u00e0 ce Guide du Meneur\u00a0!<\/em><\/span><\/p>\n","protected":false},"featured_media":2438,"comment_status":"open","ping_status":"closed","template":"","meta":{"_uag_custom_page_level_css":"","site-sidebar-layout":"left-sidebar","site-content-layout":"default","ast-site-content-layout":"default","site-content-style":"default","site-sidebar-style":"default","ast-global-header-display":"","ast-banner-title-visibility":"","ast-main-header-display":"","ast-hfb-above-header-display":"","ast-hfb-below-header-display":"","ast-hfb-mobile-header-display":"","site-post-title":"","ast-breadcrumbs-content":"","ast-featured-img":"","footer-sml-layout":"","ast-disable-related-posts":"","theme-transparent-header-meta":"default","adv-header-id-meta":"","stick-header-meta":"default","header-above-stick-meta":"","header-main-stick-meta":"","header-below-stick-meta":"","astra-migrate-meta-layouts":"set","ast-page-background-enabled":"default","ast-page-background-meta":{"desktop":{"background-color":"","background-image":"","background-repeat":"repeat","background-position":"center center","background-size":"auto","background-attachment":"scroll","background-type":"","background-media":"","overlay-type":"","overlay-color":"","overlay-opacity":"","overlay-gradient":""},"tablet":{"background-color":"","background-image":"","background-repeat":"repeat","background-position":"center center","background-size":"auto","background-attachment":"scroll","background-type":"","background-media":"","overlay-type":"","overlay-color":"","overlay-opacity":"","overlay-gradient":""},"mobile":{"background-color":"","background-image":"","background-repeat":"repeat","background-position":"center center","background-size":"auto","background-attachment":"scroll","background-type":"","background-media":"","overlay-type":"","overlay-color":"","overlay-opacity":"","overlay-gradient":""}},"ast-content-background-meta":{"desktop":{"background-color":"var(--ast-global-color-5)","background-image":"","background-repeat":"repeat","background-position":"center center","background-size":"auto","background-attachment":"scroll","background-type":"","background-media":"","overlay-type":"","overlay-color":"","overlay-opacity":"","overlay-gradient":""},"tablet":{"background-color":"var(--ast-global-color-5)","background-image":"","background-repeat":"repeat","background-position":"center center","background-size":"auto","background-attachment":"scroll","background-type":"","background-media":"","overlay-type":"","overlay-color":"","overlay-opacity":"","overlay-gradient":""},"mobile":{"background-color":"var(--ast-global-color-5)","background-image":"","background-repeat":"repeat","background-position":"center center","background-size":"auto","background-attachment":"scroll","background-type":"","background-media":"","overlay-type":"","overlay-color":"","overlay-opacity":"","overlay-gradient":""}}},"product_brand":[],"product_cat":[23,24,22],"product_tag":[28,69,34,31,35,38,37,32,30,29,36,33],"class_list":{"0":"post-2437","1":"product","2":"type-product","3":"status-publish","4":"has-post-thumbnail","6":"product_cat-jeux-de-roles","7":"product_cat-symbaroum","8":"product_cat-version-papier","9":"product_tag-aventure","10":"product_tag-campagne","11":"product_tag-dark","12":"product_tag-fantastique","13":"product_tag-fantasy","14":"product_tag-intrigue","15":"product_tag-jeux","16":"product_tag-magie","17":"product_tag-medieval","18":"product_tag-mystere","19":"product_tag-roles","20":"product_tag-secret","21":"desktop-align-center","22":"tablet-align-center","23":"mobile-align-center","25":"first","26":"outofstock","27":"shipping-taxable","28":"purchasable","29":"product-type-simple"},"uagb_featured_image_src":{"full":["https:\/\/www.aka-games.fr\/aka_site\/wp-content\/uploads\/2024\/09\/Symb_GdM.jpg",600,800,false],"thumbnail":["https:\/\/www.aka-games.fr\/aka_site\/wp-content\/uploads\/2024\/09\/Symb_GdM-113x150.jpg",113,150,true],"medium":["https:\/\/www.aka-games.fr\/aka_site\/wp-content\/uploads\/2024\/09\/Symb_GdM-225x300.jpg",225,300,true],"medium_large":["https:\/\/www.aka-games.fr\/aka_site\/wp-content\/uploads\/2024\/09\/Symb_GdM.jpg",600,800,false],"large":["https:\/\/www.aka-games.fr\/aka_site\/wp-content\/uploads\/2024\/09\/Symb_GdM.jpg",600,800,false],"1536x1536":["https:\/\/www.aka-games.fr\/aka_site\/wp-content\/uploads\/2024\/09\/Symb_GdM.jpg",600,800,false],"2048x2048":["https:\/\/www.aka-games.fr\/aka_site\/wp-content\/uploads\/2024\/09\/Symb_GdM.jpg",600,800,false],"woocommerce_thumbnail":["https:\/\/www.aka-games.fr\/aka_site\/wp-content\/uploads\/2024\/09\/Symb_GdM-300x300.jpg",300,300,true],"woocommerce_single":["https:\/\/www.aka-games.fr\/aka_site\/wp-content\/uploads\/2024\/09\/Symb_GdM.jpg",600,800,false],"woocommerce_gallery_thumbnail":["https:\/\/www.aka-games.fr\/aka_site\/wp-content\/uploads\/2024\/09\/Symb_GdM-100x100.jpg",100,100,true],"ppec_logo_image_size":["https:\/\/www.aka-games.fr\/aka_site\/wp-content\/uploads\/2024\/09\/Symb_GdM-45x60.jpg",45,60,true],"ppec_header_image_size":["https:\/\/www.aka-games.fr\/aka_site\/wp-content\/uploads\/2024\/09\/Symb_GdM-68x90.jpg",68,90,true]},"uagb_author_info":{"display_name":"Florrent","author_link":"https:\/\/www.aka-games.fr\/aka_site\/author\/"},"uagb_comment_info":0,"uagb_excerpt":"La gamme des livres de base de Symbaroum est enfin compl\u00e8te gr\u00e2ce \u00e0 ce Guide du Meneur\u00a0!","_links":{"self":[{"href":"https:\/\/www.aka-games.fr\/aka_site\/wp-json\/wp\/v2\/product\/2437","targetHints":{"allow":["GET"]}}],"collection":[{"href":"https:\/\/www.aka-games.fr\/aka_site\/wp-json\/wp\/v2\/product"}],"about":[{"href":"https:\/\/www.aka-games.fr\/aka_site\/wp-json\/wp\/v2\/types\/product"}],"replies":[{"embeddable":true,"href":"https:\/\/www.aka-games.fr\/aka_site\/wp-json\/wp\/v2\/comments?post=2437"}],"version-history":[{"count":1,"href":"https:\/\/www.aka-games.fr\/aka_site\/wp-json\/wp\/v2\/product\/2437\/revisions"}],"predecessor-version":[{"id":2444,"href":"https:\/\/www.aka-games.fr\/aka_site\/wp-json\/wp\/v2\/product\/2437\/revisions\/2444"}],"wp:featuredmedia":[{"embeddable":true,"href":"https:\/\/www.aka-games.fr\/aka_site\/wp-json\/wp\/v2\/media\/2438"}],"wp:attachment":[{"href":"https:\/\/www.aka-games.fr\/aka_site\/wp-json\/wp\/v2\/media?parent=2437"}],"wp:term":[{"taxonomy":"product_brand","embeddable":true,"href":"https:\/\/www.aka-games.fr\/aka_site\/wp-json\/wp\/v2\/product_brand?post=2437"},{"taxonomy":"product_cat","embeddable":true,"href":"https:\/\/www.aka-games.fr\/aka_site\/wp-json\/wp\/v2\/product_cat?post=2437"},{"taxonomy":"product_tag","embeddable":true,"href":"https:\/\/www.aka-games.fr\/aka_site\/wp-json\/wp\/v2\/product_tag?post=2437"}],"curies":[{"name":"wp","href":"https:\/\/api.w.org\/{rel}","templated":true}]}}