{"id":288,"date":"2020-03-05T15:38:12","date_gmt":"2020-03-05T14:38:12","guid":{"rendered":"https:\/\/www.aka-games.fr\/aka_site\/?post_type=product&#038;p=288"},"modified":"2020-09-12T14:47:14","modified_gmt":"2020-09-12T12:47:14","slug":"symbaroum-la-couronne-de-cuivre","status":"publish","type":"product","link":"https:\/\/www.aka-games.fr\/aka_site\/produit\/symbaroum-la-couronne-de-cuivre\/","title":{"rendered":"Symbaroum &#8211; La Couronne de Cuivre"},"content":{"rendered":"<p class=\"p1\" style=\"text-align: left;\"><i>\u00ab Dans mes r\u00eaves, j\u2019ai vu notre salut ; \u00e9tait-ce vous dans la brume ? \u00bb<\/i><\/p>\n<p class=\"p1\" style=\"text-align: right;\">Njegg, chamane gobelin<\/p>\n<p class=\"p3\"><span class=\"s1\"><b>La Marque de la B\u00eate<\/b><\/span>, second chapitre des Chroniques de la Couronne de Cuivre, est un sc\u00e9nario ind\u00e9pendant qui fait suite \u00e0 celui pr\u00e9sent dans le livre de base, une aventure con\u00e7ue pour permettre aux joueurs et aux Meneurs de Jeu de d\u00e9couvrir la ville de Fort Chardon \u00e0 travers une enqu\u00eate sur une s\u00e9rie de meurtres horribles. Bien que les personnages puissent prendre part \u00e0 cette aventure m\u00eame s\u2019ils n\u2019ont pas particip\u00e9 aux \u00e9v\u00e9nements d\u00e9crits dans La Terre Promise, l\u2019exp\u00e9rience n\u2019en sera que meilleure s\u2019ils ont d\u00e9j\u00e0 entendu parler de la Couronne de cuivre.<\/p>\n<p class=\"p4\"><span class=\"s2\"><b>Le Tombeau des R\u00eaves<\/b> <\/span><span class=\"s3\">est une aventure ind\u00e9pendante, troisi\u00e8me et dernier chapitre des Chroniques de la Couronne de Cuivre, qui fait suite \u00e0 La Terre Promise et \u00e0 La Marque de la B\u00eate. Les personnages n\u2019ayant pas pris part aux \u00e9v\u00e9nements d\u00e9crits dans les deux premiers chapitres des Chroniques de la Couronne de Cuivre y trouveront certainement leur compte, mais l\u2019exp\u00e9rience propos\u00e9e sera bien meilleure si les trois aventures sont jou\u00e9es \u00e0 la suite, en campagne.\u00a0<\/span><\/p>\n","protected":false},"excerpt":{"rendered":"<p class=\"p1\"><span class=\"s1\">Suite et fin de la campagne la <em>Couronne de Cuivre<\/em><em><br \/>\n<\/em><\/span><\/p>\n","protected":false},"featured_media":281,"comment_status":"open","ping_status":"closed","template":"","meta":{"_uag_custom_page_level_css":"","site-sidebar-layout":"left-sidebar","site-content-layout":"default","ast-site-content-layout":"default","site-content-style":"default","site-sidebar-style":"default","ast-global-header-display":"","ast-banner-title-visibility":"","ast-main-header-display":"","ast-hfb-above-header-display":"","ast-hfb-below-header-display":"","ast-hfb-mobile-header-display":"","site-post-title":"","ast-breadcrumbs-content":"","ast-featured-img":"","footer-sml-layout":"","ast-disable-related-posts":"","theme-transparent-header-meta":"default","adv-header-id-meta":"","stick-header-meta":"default","header-above-stick-meta":"","header-main-stick-meta":"","header-below-stick-meta":"","astra-migrate-meta-layouts":"default","ast-page-background-enabled":"default","ast-page-background-meta":{"desktop":{"background-color":"","background-image":"","background-repeat":"repeat","background-position":"center center","background-size":"auto","background-attachment":"scroll","background-type":"","background-media":"","overlay-type":"","overlay-color":"","overlay-opacity":"","overlay-gradient":""},"tablet":{"background-color":"","background-image":"","background-repeat":"repeat","background-position":"center center","background-size":"auto","background-attachment":"scroll","background-type":"","background-media":"","overlay-type":"","overlay-color":"","overlay-opacity":"","overlay-gradient":""},"mobile":{"background-color":"","background-image":"","background-repeat":"repeat","background-position":"center center","background-size":"auto","background-attachment":"scroll","background-type":"","background-media":"","overlay-type":"","overlay-color":"","overlay-opacity":"","overlay-gradient":""}},"ast-content-background-meta":{"desktop":{"background-color":"var(--ast-global-color-5)","background-image":"","background-repeat":"repeat","background-position":"center center","background-size":"auto","background-attachment":"scroll","background-type":"","background-media":"","overlay-type":"","overlay-color":"","overlay-opacity":"","overlay-gradient":""},"tablet":{"background-color":"var(--ast-global-color-5)","background-image":"","background-repeat":"repeat","background-position":"center center","background-size":"auto","background-attachment":"scroll","background-type":"","background-media":"","overlay-type":"","overlay-color":"","overlay-opacity":"","overlay-gradient":""},"mobile":{"background-color":"var(--ast-global-color-5)","background-image":"","background-repeat":"repeat","background-position":"center center","background-size":"auto","background-attachment":"scroll","background-type":"","background-media":"","overlay-type":"","overlay-color":"","overlay-opacity":"","overlay-gradient":""}}},"product_brand":[],"product_cat":[23,24,22,21],"product_tag":[28,69,34,31,35,38,37,32,30,29,36,33],"class_list":{"0":"post-288","1":"product","2":"type-product","3":"status-publish","4":"has-post-thumbnail","6":"product_cat-jeux-de-roles","7":"product_cat-symbaroum","8":"product_cat-version-papier","9":"product_cat-version-pdf","10":"product_tag-aventure","11":"product_tag-campagne","12":"product_tag-dark","13":"product_tag-fantastique","14":"product_tag-fantasy","15":"product_tag-intrigue","16":"product_tag-jeux","17":"product_tag-magie","18":"product_tag-medieval","19":"product_tag-mystere","20":"product_tag-roles","21":"product_tag-secret","22":"desktop-align-center","23":"tablet-align-center","24":"mobile-align-center","26":"first","27":"instock","28":"featured","29":"sold-individually","30":"shipping-taxable","31":"product-type-grouped"},"uagb_featured_image_src":{"full":["https:\/\/www.aka-games.fr\/aka_site\/wp-content\/uploads\/2020\/03\/Symb_Sce_CdC_Couv.png",1024,1024,false],"thumbnail":["https:\/\/www.aka-games.fr\/aka_site\/wp-content\/uploads\/2020\/03\/Symb_Sce_CdC_Couv-150x150.png",150,150,true],"medium":["https:\/\/www.aka-games.fr\/aka_site\/wp-content\/uploads\/2020\/03\/Symb_Sce_CdC_Couv-300x300.png",300,300,true],"medium_large":["https:\/\/www.aka-games.fr\/aka_site\/wp-content\/uploads\/2020\/03\/Symb_Sce_CdC_Couv-768x768.png",768,768,true],"large":["https:\/\/www.aka-games.fr\/aka_site\/wp-content\/uploads\/2020\/03\/Symb_Sce_CdC_Couv-1024x1024.png",1024,1024,true],"1536x1536":["https:\/\/www.aka-games.fr\/aka_site\/wp-content\/uploads\/2020\/03\/Symb_Sce_CdC_Couv.png",1024,1024,false],"2048x2048":["https:\/\/www.aka-games.fr\/aka_site\/wp-content\/uploads\/2020\/03\/Symb_Sce_CdC_Couv.png",1024,1024,false],"woocommerce_thumbnail":["https:\/\/www.aka-games.fr\/aka_site\/wp-content\/uploads\/2020\/03\/Symb_Sce_CdC_Couv-300x300.png",300,300,true],"woocommerce_single":["https:\/\/www.aka-games.fr\/aka_site\/wp-content\/uploads\/2020\/03\/Symb_Sce_CdC_Couv-600x600.png",600,600,true],"woocommerce_gallery_thumbnail":["https:\/\/www.aka-games.fr\/aka_site\/wp-content\/uploads\/2020\/03\/Symb_Sce_CdC_Couv-100x100.png",100,100,true],"ppec_logo_image_size":["https:\/\/www.aka-games.fr\/aka_site\/wp-content\/uploads\/2020\/03\/Symb_Sce_CdC_Couv.png",60,60,false],"ppec_header_image_size":["https:\/\/www.aka-games.fr\/aka_site\/wp-content\/uploads\/2020\/03\/Symb_Sce_CdC_Couv.png",90,90,false]},"uagb_author_info":{"display_name":"Florrent","author_link":"https:\/\/www.aka-games.fr\/aka_site\/author\/"},"uagb_comment_info":0,"uagb_excerpt":"Suite et fin de la campagne la Couronne de Cuivre","_links":{"self":[{"href":"https:\/\/www.aka-games.fr\/aka_site\/wp-json\/wp\/v2\/product\/288","targetHints":{"allow":["GET"]}}],"collection":[{"href":"https:\/\/www.aka-games.fr\/aka_site\/wp-json\/wp\/v2\/product"}],"about":[{"href":"https:\/\/www.aka-games.fr\/aka_site\/wp-json\/wp\/v2\/types\/product"}],"replies":[{"embeddable":true,"href":"https:\/\/www.aka-games.fr\/aka_site\/wp-json\/wp\/v2\/comments?post=288"}],"version-history":[{"count":3,"href":"https:\/\/www.aka-games.fr\/aka_site\/wp-json\/wp\/v2\/product\/288\/revisions"}],"predecessor-version":[{"id":1093,"href":"https:\/\/www.aka-games.fr\/aka_site\/wp-json\/wp\/v2\/product\/288\/revisions\/1093"}],"wp:featuredmedia":[{"embeddable":true,"href":"https:\/\/www.aka-games.fr\/aka_site\/wp-json\/wp\/v2\/media\/281"}],"wp:attachment":[{"href":"https:\/\/www.aka-games.fr\/aka_site\/wp-json\/wp\/v2\/media?parent=288"}],"wp:term":[{"taxonomy":"product_brand","embeddable":true,"href":"https:\/\/www.aka-games.fr\/aka_site\/wp-json\/wp\/v2\/product_brand?post=288"},{"taxonomy":"product_cat","embeddable":true,"href":"https:\/\/www.aka-games.fr\/aka_site\/wp-json\/wp\/v2\/product_cat?post=288"},{"taxonomy":"product_tag","embeddable":true,"href":"https:\/\/www.aka-games.fr\/aka_site\/wp-json\/wp\/v2\/product_tag?post=288"}],"curies":[{"name":"wp","href":"https:\/\/api.w.org\/{rel}","templated":true}]}}