{"id":289,"date":"2020-03-05T15:41:29","date_gmt":"2020-03-05T14:41:29","guid":{"rendered":"https:\/\/www.aka-games.fr\/aka_site\/?post_type=product&#038;p=289"},"modified":"2025-07-16T16:29:40","modified_gmt":"2025-07-16T14:29:40","slug":"symbaroum-codex-des-monstres-version-papier","status":"publish","type":"product","link":"https:\/\/www.aka-games.fr\/aka_site\/produit\/symbaroum-codex-des-monstres-version-papier\/","title":{"rendered":"Symbaroum &#8211; Codex des Monstres &#8211; Version Papier"},"content":{"rendered":"<p class=\"p1\"><em>Les ruines apparurent telles un mirage,\u00a0<\/em><em>alors que la brume m\u00e9phitique\u00a0<\/em><i>s\u2019estompait enfin, tout au bout de notre fuite \u00e9perdue. Nos poursuivants ralentirent derri\u00e8re nous. Ni la b\u00eate primitive corrompue ni la nu\u00e9e bruissant, griffant et suintant la Corruption ne semblaient vouloir quitter le couvert du brouillard blanc laiteux.<\/i><\/p>\n<p class=\"p3\"><i>Nous ne nous arr\u00eat\u00e2mes pas pour autant. Engloutie par la v\u00e9g\u00e9tation, la pyramide bris\u00e9e \u00e9tait comme d\u00e9vor\u00e9e par Davokar. L\u2019entr\u00e9e aux proportions asym\u00e9triques nous apparut tout de m\u00eame comme une porte vers la s\u00e9curit\u00e9 et le repos. Nous nous fray\u00e2mes un passage \u00e0 travers des lianes, descend\u00eemes vers les entrailles de la structure \u00e0 l\u2019aide de cordes, la peur et la Corruption commen\u00e7ant \u00e0 s\u2019estomper. Les veines sombres sur les joues incolores d\u2019Ol\u00e9ana s\u2019effa\u00e7aient \u00e0 mesure que la panique quittait son regard.<\/i><\/p>\n<p class=\"p3\"><i>Un rayon de soleil per\u00e7a \u00e0 travers les fissures du plafond, illuminant un pilier majestueux au centre du hall. Fait d\u2019une pierre grise recouverte d\u2019\u00e9tranges motifs, sa splendeur d\u2019un autre temps semblait avoir une sorte de pouvoir hypnotisant. Nous avions parcouru la moiti\u00e9 du chemin vers sa base, lorsque Ol\u00e9ana m\u2019agrippa le bras, m\u2019immobilisant.<\/i><\/p>\n<p class=\"p3\"><i>\u00ab\u00a0Des b\u00eates corrompues dans le brouillard\u00a0\u00bb me dis-je, alors qu\u2019ils apparaissaient en pleine lumi\u00e8re, nous encerclant, lentement mais inexorablement. Ils \u00e9taient presque humains, nus, avec des mandibules arachn\u00e9ennes fr\u00e9tillant \u00e0 l\u2019id\u00e9e du festin.<\/i><\/p>\n<p class=\"p3\"><i>Oleana me poussa alors vers le piller et je sus que j\u2019allais mourir. Mais je me mis \u00e0 grimper, les mots de mon p\u00e8re r\u00e9sonnant dans ma t\u00eate \u00ab\u00a0En Davokar, il n\u2019y a plus qu\u2019une seule loi. Quoi qu\u2019il arrive, n\u2019abandonne jamais\u00a0!\u00a0\u00bb<\/i><\/p>\n<p class=\"p1\"><span class=\"s1\"><b>Le Codex des Monstres<\/b><\/span> de Symbaroum rend plus dangereux qu\u2019ils ne l\u2019ont jamais \u00e9t\u00e9 les campements, les bois, et les vallons de la r\u00e9gion de Davokar ! Plus d\u2019une centaine de cr\u00e9atures, monstres et abominations s\u2019entassent entre ces pages. Certains sont bien connus, d\u2019autres ne sont mentionn\u00e9s que dans les l\u00e9gendes et les contes. Certains souffrent d\u2019une faim insatiable, d\u2019autres sont ouverts \u00e0 la n\u00e9gociation. Certains sont pr\u00e9sent\u00e9s en d\u00e9tail, d\u2019autres ne b\u00e9n\u00e9ficient que d\u2019une courte description. Combin\u00e9 avec les conseils pour cr\u00e9er vos propres cr\u00e9atures, le contenu de ce bestiaire devrait vous fournir du mat\u00e9riel pour des centaines d\u2019heures de jeu\u00a0!<\/p>\n<p class=\"p2\"><b>Contenu<\/b><\/p>\n<p class=\"p3\">\u2022 Vingt-sept cr\u00e9atures enti\u00e8rement d\u00e9crites et illustr\u00e9es susceptibles de se trouver au centre d\u2019aventures uniques et excitantes.<br \/>\n\u2022 Une section compl\u00e8te compos\u00e9e de descriptions succinctes et des statistiques de personnages non-joueurs g\u00e9n\u00e9riques, de monstres, de b\u00eates et d\u2019abominations.<br \/>\n\u2022 Les nouvelles cat\u00e9gories de Flore et de Ph\u00e9nom\u00e8ne ainsi que trente-sept nouveaux Traits monstrueux, venant s\u2019ajouter aux dix-neuf du Livre de base.<br \/>\n\u2022 Des conseils pour cr\u00e9er vos propres cr\u00e9atures et concevoir des rencontres de combat \u00e9quilibr\u00e9es.<br \/>\n\u2022 Des suggestions pour d\u00e9velopper trois nouveaux types d\u2019aventures mettant \u00e0 l\u2019honneur les cr\u00e9atures du Codex : la chasse au troph\u00e9e, l\u2019exploration zoologique et la r\u00e9solution de probl\u00e8mes occultes.<\/p>\n<p class=\"p3\">Le Livre de Base de Symbaroum est n\u00e9cessaire et le Guide du Joueur tr\u00e8s fortement recommand\u00e9 pour utiliser ce Codex.<\/p>\n","protected":false},"excerpt":{"rendered":"<p class=\"p1\"><em>Les ruines apparurent telles un mirage,\u00a0<\/em><em>alors que la brume m\u00e9phitique\u00a0<\/em><i>s\u2019estompait enfin&#8230;<\/i><em><br \/>\n<\/em><\/p>\n","protected":false},"featured_media":261,"comment_status":"open","ping_status":"closed","template":"","meta":{"_uag_custom_page_level_css":"","site-sidebar-layout":"left-sidebar","site-content-layout":"default","ast-site-content-layout":"default","site-content-style":"default","site-sidebar-style":"default","ast-global-header-display":"","ast-banner-title-visibility":"","ast-main-header-display":"","ast-hfb-above-header-display":"","ast-hfb-below-header-display":"","ast-hfb-mobile-header-display":"","site-post-title":"","ast-breadcrumbs-content":"","ast-featured-img":"","footer-sml-layout":"","ast-disable-related-posts":"","theme-transparent-header-meta":"default","adv-header-id-meta":"","stick-header-meta":"default","header-above-stick-meta":"","header-main-stick-meta":"","header-below-stick-meta":"","astra-migrate-meta-layouts":"default","ast-page-background-enabled":"default","ast-page-background-meta":{"desktop":{"background-color":"","background-image":"","background-repeat":"repeat","background-position":"center center","background-size":"auto","background-attachment":"scroll","background-type":"","background-media":"","overlay-type":"","overlay-color":"","overlay-opacity":"","overlay-gradient":""},"tablet":{"background-color":"","background-image":"","background-repeat":"repeat","background-position":"center center","background-size":"auto","background-attachment":"scroll","background-type":"","background-media":"","overlay-type":"","overlay-color":"","overlay-opacity":"","overlay-gradient":""},"mobile":{"background-color":"","background-image":"","background-repeat":"repeat","background-position":"center center","background-size":"auto","background-attachment":"scroll","background-type":"","background-media":"","overlay-type":"","overlay-color":"","overlay-opacity":"","overlay-gradient":""}},"ast-content-background-meta":{"desktop":{"background-color":"var(--ast-global-color-5)","background-image":"","background-repeat":"repeat","background-position":"center center","background-size":"auto","background-attachment":"scroll","background-type":"","background-media":"","overlay-type":"","overlay-color":"","overlay-opacity":"","overlay-gradient":""},"tablet":{"background-color":"var(--ast-global-color-5)","background-image":"","background-repeat":"repeat","background-position":"center center","background-size":"auto","background-attachment":"scroll","background-type":"","background-media":"","overlay-type":"","overlay-color":"","overlay-opacity":"","overlay-gradient":""},"mobile":{"background-color":"var(--ast-global-color-5)","background-image":"","background-repeat":"repeat","background-position":"center center","background-size":"auto","background-attachment":"scroll","background-type":"","background-media":"","overlay-type":"","overlay-color":"","overlay-opacity":"","overlay-gradient":""}}},"product_brand":[],"product_cat":[23,24,22],"product_tag":[28,34,31,35,38,37,32,30,29,36,33],"class_list":{"0":"post-289","1":"product","2":"type-product","3":"status-publish","4":"has-post-thumbnail","6":"product_cat-jeux-de-roles","7":"product_cat-symbaroum","8":"product_cat-version-papier","9":"product_tag-aventure","10":"product_tag-dark","11":"product_tag-fantastique","12":"product_tag-fantasy","13":"product_tag-intrigue","14":"product_tag-jeux","15":"product_tag-magie","16":"product_tag-medieval","17":"product_tag-mystere","18":"product_tag-roles","19":"product_tag-secret","20":"desktop-align-center","21":"tablet-align-center","22":"mobile-align-center","24":"first","25":"outofstock","26":"shipping-taxable","27":"purchasable","28":"product-type-simple"},"uagb_featured_image_src":{"full":["https:\/\/www.aka-games.fr\/aka_site\/wp-content\/uploads\/2020\/03\/Symb_Mon_Couv.png",1024,1024,false],"thumbnail":["https:\/\/www.aka-games.fr\/aka_site\/wp-content\/uploads\/2020\/03\/Symb_Mon_Couv-150x150.png",150,150,true],"medium":["https:\/\/www.aka-games.fr\/aka_site\/wp-content\/uploads\/2020\/03\/Symb_Mon_Couv-300x300.png",300,300,true],"medium_large":["https:\/\/www.aka-games.fr\/aka_site\/wp-content\/uploads\/2020\/03\/Symb_Mon_Couv-768x768.png",768,768,true],"large":["https:\/\/www.aka-games.fr\/aka_site\/wp-content\/uploads\/2020\/03\/Symb_Mon_Couv-1024x1024.png",1024,1024,true],"1536x1536":["https:\/\/www.aka-games.fr\/aka_site\/wp-content\/uploads\/2020\/03\/Symb_Mon_Couv.png",1024,1024,false],"2048x2048":["https:\/\/www.aka-games.fr\/aka_site\/wp-content\/uploads\/2020\/03\/Symb_Mon_Couv.png",1024,1024,false],"woocommerce_thumbnail":["https:\/\/www.aka-games.fr\/aka_site\/wp-content\/uploads\/2020\/03\/Symb_Mon_Couv-300x300.png",300,300,true],"woocommerce_single":["https:\/\/www.aka-games.fr\/aka_site\/wp-content\/uploads\/2020\/03\/Symb_Mon_Couv-600x600.png",600,600,true],"woocommerce_gallery_thumbnail":["https:\/\/www.aka-games.fr\/aka_site\/wp-content\/uploads\/2020\/03\/Symb_Mon_Couv-100x100.png",100,100,true],"ppec_logo_image_size":["https:\/\/www.aka-games.fr\/aka_site\/wp-content\/uploads\/2020\/03\/Symb_Mon_Couv.png",60,60,false],"ppec_header_image_size":["https:\/\/www.aka-games.fr\/aka_site\/wp-content\/uploads\/2020\/03\/Symb_Mon_Couv.png",90,90,false]},"uagb_author_info":{"display_name":"Florrent","author_link":"https:\/\/www.aka-games.fr\/aka_site\/author\/"},"uagb_comment_info":0,"uagb_excerpt":"Les ruines apparurent telles un mirage,\u00a0alors que la brume m\u00e9phitique\u00a0s\u2019estompait enfin...","_links":{"self":[{"href":"https:\/\/www.aka-games.fr\/aka_site\/wp-json\/wp\/v2\/product\/289","targetHints":{"allow":["GET"]}}],"collection":[{"href":"https:\/\/www.aka-games.fr\/aka_site\/wp-json\/wp\/v2\/product"}],"about":[{"href":"https:\/\/www.aka-games.fr\/aka_site\/wp-json\/wp\/v2\/types\/product"}],"replies":[{"embeddable":true,"href":"https:\/\/www.aka-games.fr\/aka_site\/wp-json\/wp\/v2\/comments?post=289"}],"version-history":[{"count":2,"href":"https:\/\/www.aka-games.fr\/aka_site\/wp-json\/wp\/v2\/product\/289\/revisions"}],"predecessor-version":[{"id":1092,"href":"https:\/\/www.aka-games.fr\/aka_site\/wp-json\/wp\/v2\/product\/289\/revisions\/1092"}],"wp:featuredmedia":[{"embeddable":true,"href":"https:\/\/www.aka-games.fr\/aka_site\/wp-json\/wp\/v2\/media\/261"}],"wp:attachment":[{"href":"https:\/\/www.aka-games.fr\/aka_site\/wp-json\/wp\/v2\/media?parent=289"}],"wp:term":[{"taxonomy":"product_brand","embeddable":true,"href":"https:\/\/www.aka-games.fr\/aka_site\/wp-json\/wp\/v2\/product_brand?post=289"},{"taxonomy":"product_cat","embeddable":true,"href":"https:\/\/www.aka-games.fr\/aka_site\/wp-json\/wp\/v2\/product_cat?post=289"},{"taxonomy":"product_tag","embeddable":true,"href":"https:\/\/www.aka-games.fr\/aka_site\/wp-json\/wp\/v2\/product_tag?post=289"}],"curies":[{"name":"wp","href":"https:\/\/api.w.org\/{rel}","templated":true}]}}