{"id":299,"date":"2020-03-05T16:26:50","date_gmt":"2020-03-05T15:26:50","guid":{"rendered":"https:\/\/www.aka-games.fr\/aka_site\/?post_type=product&#038;p=299"},"modified":"2020-09-12T14:44:49","modified_gmt":"2020-09-12T12:44:49","slug":"symbaroum-le-marteau-a-sorciere","status":"publish","type":"product","link":"https:\/\/www.aka-games.fr\/aka_site\/produit\/symbaroum-le-marteau-a-sorciere\/","title":{"rendered":"Symbaroum &#8211; Le Marteau \u00e0 sorci\u00e8re"},"content":{"rendered":"<p class=\"p1\"><em>La brume glac\u00e9e et humide,\u00a0qui recouvrait le plateau,\u00a0faisait frissonner S\u00e9lisa, alors qu\u2019elle et une douzaine de chasseurs de tr\u00e9sors<span class=\"Apple-converted-space\">\u00a0 <\/span>\u00e0 peine arriv\u00e9s, se tenaient devant la Huldra. Les yeux inflexibles de la Sorci\u00e8re les fixaient derri\u00e8re son masque, les \u00e9valuant un \u00e0 un. \u00ab\u00a0Que se passe-t-il ?\u00a0\u00bb chuchota Galar. \u00ab\u00a0On a pas fait de\u2026\u00a0\u00bb<\/em><\/p>\n<p class=\"p3\"><em>S\u00e9lisa fit taire son camarade explorateur d\u2019un coup discret au menton. Ce n\u2019\u00e9tait pas vraiment le moment de discuter, \u00e0 peine d\u2019oser respirer. La sensation de malaise augmenta encore lorsque le regard de la Haute Sorci\u00e8re s\u2019assombrit en se posant sur Galar. <\/em><\/p>\n<p class=\"p3\"><em>\u00ab\u00a0Toi\u2026\u00a0\u00bb la voix \u00e9tait lourde de haine et d\u2019accusation et un doigt osseux d\u00e9signa l\u2019ami de S\u00e9lisa. \u00ab\u00a0Tu es la proie.\u00a0\u00bb La Sorci\u00e8re se tourna vers le Garde de la Rage assoupie qui l\u2019accompagnait, une hache dans les mains. \u00ab\u00a0Emmenez-le, ainsi que ses compagnons.\u00a0\u00bb Avant que S\u00e9lisa, ou Galar, n\u2019ait eu le temps de r\u00e9agir, avant m\u00eame que le Garde n\u2019ait pu faire le moindre pas vers eux, le tintement clair d\u2019une cloche solitaire fendit l\u2019air.<\/em><\/p>\n<p class=\"p3\"><em>La Huldra recula, puis jeta un coup d\u2019\u0153il \u00e0 la tour situ\u00e9e \u00e0 une dizaine de pas, en \u00e9quilibre au bord du plateau. \u00ab\u00a0Trop tard\u00a0\u00bb siffla-t-elle, se retournant vers le groupe. \u00ab\u00a0\u00c0 pr\u00e9sent, pillards, combattez ou mourez ! Les T\u00e9n\u00e8bres que vous avez \u00e9veill\u00e9es sont \u00e0 nos portes !\u00a0\u00bb<\/em><\/p>\n<p class=\"p1\"><span class=\"s1\"><b>Karvosti \u2013 Le Marteau \u00e0 sorci\u00e8re<\/b><\/span> vous invite \u00e0 rejoindre la chasse au tr\u00e9sor de votre vie ! Dans ces pages vous ne trouverez pas seulement l\u2019aventure \u00e9pique du Marteau \u00e0 sorci\u00e8re, mais \u00e9galement presque une centaine de pages d\u00e9di\u00e9es \u00e0 la description de la falaise de Karvosti et de ses alentours, avec de nouvelles r\u00e8gles et des aides de jeu li\u00e9es \u00e0 l\u2019aventure et \u00e0 son cadre.<\/p>\n<p class=\"p2\"><b>Contenu<\/b><\/p>\n<p class=\"p3\">\u2022 Le Marteau \u00e0 sorci\u00e8re, la chasse au tr\u00e9sor la plus p\u00e9rilleuse depuis l\u2019\u00e9poque de Symbaroum.<br \/>\n\u2022 Des renseignements sur Karvosti, son histoire, ses activit\u00e9s, ses factions, ses conflits, \u00e0 destination tant des joueurs que des meneurs de jeu.<br \/>\n\u2022 Vingt \u00e9tablissements uniques o\u00f9 les personnages joueurs peuvent se reposer, manger, boire, trouver des informations ou demander audience aupr\u00e8s des dignitaires locaux.<br \/>\n\u2022 Un chapitre d\u00e9taill\u00e9 pour les Meneurs de Jeu avec de nombreuses accroches d\u2019aventures, \u00e0 d\u00e9velopper dans des sc\u00e9narios uniques ou des campagnes enti\u00e8res.<br \/>\n\u2022 Des aides \u00e0 la gestion d\u2019exploration des ruines et sur ce qui se passe \u00e0 Symbaroum, avec en bonus des r\u00e8gles additionnelles et de nouvelles comp\u00e9tences.<\/p>\n","protected":false},"excerpt":{"rendered":"<p class=\"p1\"><span class=\"s1\">Deuxi\u00e8me volet de la campagne des <em>Chroniques du Tr\u00f4ne d\u2019\u00e9pines<\/em><em><br \/>\n<\/em><\/span><\/p>\n","protected":false},"featured_media":255,"comment_status":"open","ping_status":"closed","template":"","meta":{"_uag_custom_page_level_css":"","site-sidebar-layout":"left-sidebar","site-content-layout":"default","ast-site-content-layout":"default","site-content-style":"default","site-sidebar-style":"default","ast-global-header-display":"","ast-banner-title-visibility":"","ast-main-header-display":"","ast-hfb-above-header-display":"","ast-hfb-below-header-display":"","ast-hfb-mobile-header-display":"","site-post-title":"","ast-breadcrumbs-content":"","ast-featured-img":"","footer-sml-layout":"","ast-disable-related-posts":"","theme-transparent-header-meta":"default","adv-header-id-meta":"","stick-header-meta":"default","header-above-stick-meta":"","header-main-stick-meta":"","header-below-stick-meta":"","astra-migrate-meta-layouts":"default","ast-page-background-enabled":"default","ast-page-background-meta":{"desktop":{"background-color":"","background-image":"","background-repeat":"repeat","background-position":"center center","background-size":"auto","background-attachment":"scroll","background-type":"","background-media":"","overlay-type":"","overlay-color":"","overlay-opacity":"","overlay-gradient":""},"tablet":{"background-color":"","background-image":"","background-repeat":"repeat","background-position":"center center","background-size":"auto","background-attachment":"scroll","background-type":"","background-media":"","overlay-type":"","overlay-color":"","overlay-opacity":"","overlay-gradient":""},"mobile":{"background-color":"","background-image":"","background-repeat":"repeat","background-position":"center center","background-size":"auto","background-attachment":"scroll","background-type":"","background-media":"","overlay-type":"","overlay-color":"","overlay-opacity":"","overlay-gradient":""}},"ast-content-background-meta":{"desktop":{"background-color":"var(--ast-global-color-5)","background-image":"","background-repeat":"repeat","background-position":"center center","background-size":"auto","background-attachment":"scroll","background-type":"","background-media":"","overlay-type":"","overlay-color":"","overlay-opacity":"","overlay-gradient":""},"tablet":{"background-color":"var(--ast-global-color-5)","background-image":"","background-repeat":"repeat","background-position":"center center","background-size":"auto","background-attachment":"scroll","background-type":"","background-media":"","overlay-type":"","overlay-color":"","overlay-opacity":"","overlay-gradient":""},"mobile":{"background-color":"var(--ast-global-color-5)","background-image":"","background-repeat":"repeat","background-position":"center center","background-size":"auto","background-attachment":"scroll","background-type":"","background-media":"","overlay-type":"","overlay-color":"","overlay-opacity":"","overlay-gradient":""}}},"product_brand":[],"product_cat":[23,24,22,21],"product_tag":[28,69,34,31,35,38,37,32,30,29,36,33],"class_list":{"0":"post-299","1":"product","2":"type-product","3":"status-publish","4":"has-post-thumbnail","6":"product_cat-jeux-de-roles","7":"product_cat-symbaroum","8":"product_cat-version-papier","9":"product_cat-version-pdf","10":"product_tag-aventure","11":"product_tag-campagne","12":"product_tag-dark","13":"product_tag-fantastique","14":"product_tag-fantasy","15":"product_tag-intrigue","16":"product_tag-jeux","17":"product_tag-magie","18":"product_tag-medieval","19":"product_tag-mystere","20":"product_tag-roles","21":"product_tag-secret","22":"desktop-align-center","23":"tablet-align-center","24":"mobile-align-center","26":"first","27":"instock","28":"sold-individually","29":"shipping-taxable","30":"product-type-grouped"},"uagb_featured_image_src":{"full":["https:\/\/www.aka-games.fr\/aka_site\/wp-content\/uploads\/2020\/03\/Symb_TdE_MaS_Couv-2.png",1024,1024,false],"thumbnail":["https:\/\/www.aka-games.fr\/aka_site\/wp-content\/uploads\/2020\/03\/Symb_TdE_MaS_Couv-2-150x150.png",150,150,true],"medium":["https:\/\/www.aka-games.fr\/aka_site\/wp-content\/uploads\/2020\/03\/Symb_TdE_MaS_Couv-2-300x300.png",300,300,true],"medium_large":["https:\/\/www.aka-games.fr\/aka_site\/wp-content\/uploads\/2020\/03\/Symb_TdE_MaS_Couv-2-768x768.png",768,768,true],"large":["https:\/\/www.aka-games.fr\/aka_site\/wp-content\/uploads\/2020\/03\/Symb_TdE_MaS_Couv-2-1024x1024.png",1024,1024,true],"1536x1536":["https:\/\/www.aka-games.fr\/aka_site\/wp-content\/uploads\/2020\/03\/Symb_TdE_MaS_Couv-2.png",1024,1024,false],"2048x2048":["https:\/\/www.aka-games.fr\/aka_site\/wp-content\/uploads\/2020\/03\/Symb_TdE_MaS_Couv-2.png",1024,1024,false],"woocommerce_thumbnail":["https:\/\/www.aka-games.fr\/aka_site\/wp-content\/uploads\/2020\/03\/Symb_TdE_MaS_Couv-2-300x300.png",300,300,true],"woocommerce_single":["https:\/\/www.aka-games.fr\/aka_site\/wp-content\/uploads\/2020\/03\/Symb_TdE_MaS_Couv-2-600x600.png",600,600,true],"woocommerce_gallery_thumbnail":["https:\/\/www.aka-games.fr\/aka_site\/wp-content\/uploads\/2020\/03\/Symb_TdE_MaS_Couv-2-100x100.png",100,100,true],"ppec_logo_image_size":["https:\/\/www.aka-games.fr\/aka_site\/wp-content\/uploads\/2020\/03\/Symb_TdE_MaS_Couv-2.png",60,60,false],"ppec_header_image_size":["https:\/\/www.aka-games.fr\/aka_site\/wp-content\/uploads\/2020\/03\/Symb_TdE_MaS_Couv-2.png",90,90,false]},"uagb_author_info":{"display_name":"Florrent","author_link":"https:\/\/www.aka-games.fr\/aka_site\/author\/"},"uagb_comment_info":0,"uagb_excerpt":"Deuxi\u00e8me volet de la campagne des Chroniques du Tr\u00f4ne d\u2019\u00e9pines","_links":{"self":[{"href":"https:\/\/www.aka-games.fr\/aka_site\/wp-json\/wp\/v2\/product\/299","targetHints":{"allow":["GET"]}}],"collection":[{"href":"https:\/\/www.aka-games.fr\/aka_site\/wp-json\/wp\/v2\/product"}],"about":[{"href":"https:\/\/www.aka-games.fr\/aka_site\/wp-json\/wp\/v2\/types\/product"}],"replies":[{"embeddable":true,"href":"https:\/\/www.aka-games.fr\/aka_site\/wp-json\/wp\/v2\/comments?post=299"}],"version-history":[{"count":3,"href":"https:\/\/www.aka-games.fr\/aka_site\/wp-json\/wp\/v2\/product\/299\/revisions"}],"predecessor-version":[{"id":1089,"href":"https:\/\/www.aka-games.fr\/aka_site\/wp-json\/wp\/v2\/product\/299\/revisions\/1089"}],"wp:featuredmedia":[{"embeddable":true,"href":"https:\/\/www.aka-games.fr\/aka_site\/wp-json\/wp\/v2\/media\/255"}],"wp:attachment":[{"href":"https:\/\/www.aka-games.fr\/aka_site\/wp-json\/wp\/v2\/media?parent=299"}],"wp:term":[{"taxonomy":"product_brand","embeddable":true,"href":"https:\/\/www.aka-games.fr\/aka_site\/wp-json\/wp\/v2\/product_brand?post=299"},{"taxonomy":"product_cat","embeddable":true,"href":"https:\/\/www.aka-games.fr\/aka_site\/wp-json\/wp\/v2\/product_cat?post=299"},{"taxonomy":"product_tag","embeddable":true,"href":"https:\/\/www.aka-games.fr\/aka_site\/wp-json\/wp\/v2\/product_tag?post=299"}],"curies":[{"name":"wp","href":"https:\/\/api.w.org\/{rel}","templated":true}]}}