{"id":390,"date":"2020-03-07T13:17:44","date_gmt":"2020-03-07T12:17:44","guid":{"rendered":"https:\/\/www.aka-games.fr\/aka_site\/?post_type=product&#038;p=390"},"modified":"2020-03-07T20:02:09","modified_gmt":"2020-03-07T19:02:09","slug":"fragged-empire-antagonistes-version-pdf","status":"publish","type":"product","link":"https:\/\/www.aka-games.fr\/aka_site\/produit\/fragged-empire-antagonistes-version-pdf\/","title":{"rendered":"Fragged Empire &#8211; Antagonistes &#8211; Version PDF"},"content":{"rendered":"<p class=\"p1\"><em>Vous \u00eates l\u2019un des survivants d\u2019un g\u00e9nocide, g\u00e9n\u00e9tiquement modifi\u00e9 et trahi par ses cr\u00e9ateurs.<\/em><br \/>\n<em>Avec votre nouvelle civilisation, vous vous trouvez\u00a0face \u00e0 un grand danger et des opportunit\u00e9s inou\u00efes.<\/em><br \/>\n<em>Vous voici projet\u00e9 dix mille ans dans le futur<\/em><br \/>\n<em>La Terre n\u2019est m\u00eame plus un souvenir.<\/em><br \/>\n<em>L\u2019humanit\u00e9 a \u00e9t\u00e9 \u00e9radiqu\u00e9e.<\/em><br \/>\n<em>Vous \u00eates l\u2019un des nombreux descendants g\u00e9n\u00e9tiquement modifi\u00e9s.<\/em><\/p>\n<p class=\"p1\">Antagonistes explore les endroits les plus sombres du secteur Habrixis et du syst\u00e8me Havre. Vous y d\u00e9couvrirez les descriptions et statistiques de factions, de lieux inconnus, de M\u00e9chonides, de pirates, de N\u00e9philims sauvages et de nouveaux vaisseaux.<\/p>\n<p><img fetchpriority=\"high\" decoding=\"async\" class=\"alignnone wp-image-388\" src=\"https:\/\/www.aka-games.fr\/aka_site\/wp-content\/uploads\/2020\/03\/FE_Ant_Tech.jpg\" alt=\"\" width=\"500\" height=\"363\" srcset=\"https:\/\/www.aka-games.fr\/aka_site\/wp-content\/uploads\/2020\/03\/FE_Ant_Tech.jpg 1121w, https:\/\/www.aka-games.fr\/aka_site\/wp-content\/uploads\/2020\/03\/FE_Ant_Tech-600x435.jpg 600w, https:\/\/www.aka-games.fr\/aka_site\/wp-content\/uploads\/2020\/03\/FE_Ant_Tech-300x218.jpg 300w, https:\/\/www.aka-games.fr\/aka_site\/wp-content\/uploads\/2020\/03\/FE_Ant_Tech-1024x743.jpg 1024w, https:\/\/www.aka-games.fr\/aka_site\/wp-content\/uploads\/2020\/03\/FE_Ant_Tech-150x109.jpg 150w, https:\/\/www.aka-games.fr\/aka_site\/wp-content\/uploads\/2020\/03\/FE_Ant_Tech-768x557.jpg 768w\" sizes=\"(max-width: 500px) 100vw, 500px\" \/><\/p>\n","protected":false},"excerpt":{"rendered":"<p class=\"p1\">Antagonistes explore les endroits les plus sombres du secteur Habrixis et du syst\u00e8me Havre.<em><br \/>\n<\/em><\/p>\n","protected":false},"featured_media":379,"comment_status":"open","ping_status":"closed","template":"","meta":{"_uag_custom_page_level_css":"","site-sidebar-layout":"default","site-content-layout":"default","ast-site-content-layout":"default","site-content-style":"default","site-sidebar-style":"default","ast-global-header-display":"","ast-banner-title-visibility":"","ast-main-header-display":"","ast-hfb-above-header-display":"","ast-hfb-below-header-display":"","ast-hfb-mobile-header-display":"","site-post-title":"","ast-breadcrumbs-content":"","ast-featured-img":"","footer-sml-layout":"","ast-disable-related-posts":"","theme-transparent-header-meta":"default","adv-header-id-meta":"","stick-header-meta":"default","header-above-stick-meta":"","header-main-stick-meta":"","header-below-stick-meta":"","astra-migrate-meta-layouts":"default","ast-page-background-enabled":"default","ast-page-background-meta":{"desktop":{"background-color":"","background-image":"","background-repeat":"repeat","background-position":"center center","background-size":"auto","background-attachment":"scroll","background-type":"","background-media":"","overlay-type":"","overlay-color":"","overlay-opacity":"","overlay-gradient":""},"tablet":{"background-color":"","background-image":"","background-repeat":"repeat","background-position":"center center","background-size":"auto","background-attachment":"scroll","background-type":"","background-media":"","overlay-type":"","overlay-color":"","overlay-opacity":"","overlay-gradient":""},"mobile":{"background-color":"","background-image":"","background-repeat":"repeat","background-position":"center center","background-size":"auto","background-attachment":"scroll","background-type":"","background-media":"","overlay-type":"","overlay-color":"","overlay-opacity":"","overlay-gradient":""}},"ast-content-background-meta":{"desktop":{"background-color":"var(--ast-global-color-5)","background-image":"","background-repeat":"repeat","background-position":"center center","background-size":"auto","background-attachment":"scroll","background-type":"","background-media":"","overlay-type":"","overlay-color":"","overlay-opacity":"","overlay-gradient":""},"tablet":{"background-color":"var(--ast-global-color-5)","background-image":"","background-repeat":"repeat","background-position":"center center","background-size":"auto","background-attachment":"scroll","background-type":"","background-media":"","overlay-type":"","overlay-color":"","overlay-opacity":"","overlay-gradient":""},"mobile":{"background-color":"var(--ast-global-color-5)","background-image":"","background-repeat":"repeat","background-position":"center center","background-size":"auto","background-attachment":"scroll","background-type":"","background-media":"","overlay-type":"","overlay-color":"","overlay-opacity":"","overlay-gradient":""}}},"product_brand":[],"product_cat":[25,23,21],"product_tag":[28,66,62,38,37,29,61,68,67,36,63,64,65],"class_list":{"0":"post-390","1":"product","2":"type-product","3":"status-publish","4":"has-post-thumbnail","6":"product_cat-fragged-empire","7":"product_cat-jeux-de-roles","8":"product_cat-version-pdf","9":"product_tag-aventure","10":"product_tag-combat","11":"product_tag-espace","12":"product_tag-intrigue","13":"product_tag-jeux","14":"product_tag-mystere","15":"product_tag-post-apocalyptique","16":"product_tag-races","17":"product_tag-regles","18":"product_tag-roles","19":"product_tag-space-opera","20":"product_tag-technologie","21":"product_tag-vaisseaux","22":"desktop-align-center","23":"tablet-align-center","24":"mobile-align-center","26":"first","27":"instock","28":"downloadable","29":"virtual","30":"sold-individually","31":"purchasable","32":"product-type-simple"},"uagb_featured_image_src":{"full":["https:\/\/www.aka-games.fr\/aka_site\/wp-content\/uploads\/2020\/03\/FE_Ant_Couv.png",1024,1024,false],"thumbnail":["https:\/\/www.aka-games.fr\/aka_site\/wp-content\/uploads\/2020\/03\/FE_Ant_Couv-150x150.png",150,150,true],"medium":["https:\/\/www.aka-games.fr\/aka_site\/wp-content\/uploads\/2020\/03\/FE_Ant_Couv-300x300.png",300,300,true],"medium_large":["https:\/\/www.aka-games.fr\/aka_site\/wp-content\/uploads\/2020\/03\/FE_Ant_Couv-768x768.png",768,768,true],"large":["https:\/\/www.aka-games.fr\/aka_site\/wp-content\/uploads\/2020\/03\/FE_Ant_Couv-1024x1024.png",1024,1024,true],"1536x1536":["https:\/\/www.aka-games.fr\/aka_site\/wp-content\/uploads\/2020\/03\/FE_Ant_Couv.png",1024,1024,false],"2048x2048":["https:\/\/www.aka-games.fr\/aka_site\/wp-content\/uploads\/2020\/03\/FE_Ant_Couv.png",1024,1024,false],"woocommerce_thumbnail":["https:\/\/www.aka-games.fr\/aka_site\/wp-content\/uploads\/2020\/03\/FE_Ant_Couv-300x300.png",300,300,true],"woocommerce_single":["https:\/\/www.aka-games.fr\/aka_site\/wp-content\/uploads\/2020\/03\/FE_Ant_Couv-600x600.png",600,600,true],"woocommerce_gallery_thumbnail":["https:\/\/www.aka-games.fr\/aka_site\/wp-content\/uploads\/2020\/03\/FE_Ant_Couv-100x100.png",100,100,true],"ppec_logo_image_size":["https:\/\/www.aka-games.fr\/aka_site\/wp-content\/uploads\/2020\/03\/FE_Ant_Couv.png",60,60,false],"ppec_header_image_size":["https:\/\/www.aka-games.fr\/aka_site\/wp-content\/uploads\/2020\/03\/FE_Ant_Couv.png",90,90,false]},"uagb_author_info":{"display_name":"Florrent","author_link":"https:\/\/www.aka-games.fr\/aka_site\/author\/"},"uagb_comment_info":0,"uagb_excerpt":"Antagonistes explore les endroits les plus sombres du secteur Habrixis et du syst\u00e8me Havre.","_links":{"self":[{"href":"https:\/\/www.aka-games.fr\/aka_site\/wp-json\/wp\/v2\/product\/390","targetHints":{"allow":["GET"]}}],"collection":[{"href":"https:\/\/www.aka-games.fr\/aka_site\/wp-json\/wp\/v2\/product"}],"about":[{"href":"https:\/\/www.aka-games.fr\/aka_site\/wp-json\/wp\/v2\/types\/product"}],"replies":[{"embeddable":true,"href":"https:\/\/www.aka-games.fr\/aka_site\/wp-json\/wp\/v2\/comments?post=390"}],"version-history":[{"count":0,"href":"https:\/\/www.aka-games.fr\/aka_site\/wp-json\/wp\/v2\/product\/390\/revisions"}],"wp:featuredmedia":[{"embeddable":true,"href":"https:\/\/www.aka-games.fr\/aka_site\/wp-json\/wp\/v2\/media\/379"}],"wp:attachment":[{"href":"https:\/\/www.aka-games.fr\/aka_site\/wp-json\/wp\/v2\/media?parent=390"}],"wp:term":[{"taxonomy":"product_brand","embeddable":true,"href":"https:\/\/www.aka-games.fr\/aka_site\/wp-json\/wp\/v2\/product_brand?post=390"},{"taxonomy":"product_cat","embeddable":true,"href":"https:\/\/www.aka-games.fr\/aka_site\/wp-json\/wp\/v2\/product_cat?post=390"},{"taxonomy":"product_tag","embeddable":true,"href":"https:\/\/www.aka-games.fr\/aka_site\/wp-json\/wp\/v2\/product_tag?post=390"}],"curies":[{"name":"wp","href":"https:\/\/api.w.org\/{rel}","templated":true}]}}